{"id":73008,"date":"2025-05-07T14:37:55","date_gmt":"2025-05-07T14:37:55","guid":{"rendered":"https:\/\/ideatsg.com\/?page_id=73008"},"modified":"2025-05-08T07:48:39","modified_gmt":"2025-05-08T07:48:39","slug":"canal-de-signalement","status":"publish","type":"page","link":"https:\/\/ideatsg.com\/fr\/canal-de-signalement\/","title":{"rendered":"Canal de Signalement"},"content":{"rendered":"<div class=\"wpb-content-wrapper\"><p>[vc_row][vc_column width=\u00a0\u00bb3\/4&Prime;][vc_empty_space height=\u00a0\u00bb20px\u00a0\u00bb]<div id=\"ultimate-heading-100669f350a8b844b\" class=\"uvc-heading ult-adjust-bottom-margin ultimate-heading-100669f350a8b844b uvc-791 \" data-hspacer=\"no_spacer\"  data-halign=\"left\" style=\"text-align:left\"><div class=\"uvc-heading-spacer no_spacer\" style=\"top\"><\/div><div class=\"uvc-main-heading ult-responsive\"  data-ultimate-target='.uvc-heading.ultimate-heading-100669f350a8b844b h2'  data-responsive-json-new='{\"font-size\":\"desktop:20px;\",\"line-height\":\"desktop:30px;\"}' ><h2 style=\"font-family:&#039;Montserrat&#039;;font-weight:700;\">Formulaire de contact<\/h2><\/div><\/div>[vc_column_text css=\u00a0\u00bb\u00a0\u00bb]IDEA souhaite instaurer un environnement de transparence et promouvoir le respect de la l\u00e9galit\u00e9 et du Code \u00c9thique.<br data-start=\"425\" data-end=\"428\" \/>Pour effectuer une communication, veuillez remplir ce formulaire.[\/vc_column_text][vc_column_text css=\u00a0\u00bb\u00a0\u00bb]<div class=\"wpforms-container wpforms-container-full fomres\" id=\"wpforms-73645\"><form id=\"wpforms-form-73645\" class=\"wpforms-validate wpforms-form wpforms-ajax-form\" data-formid=\"73645\" method=\"post\" enctype=\"multipart\/form-data\" action=\"\/fr\/wp-json\/wp\/v2\/pages\/73008\" data-token=\"d4fbcacffb64c0341b0a8a193ae53a85\" data-token-time=\"1777553576\"><noscript class=\"wpforms-error-noscript\">Veuillez activer JavaScript dans votre navigateur pour remplir ce formulaire.<\/noscript><div class=\"wpforms-field-container\"><div id=\"wpforms-73645-field_1-container\" class=\"wpforms-field wpforms-field-name formnombre\" data-field-id=\"1\"><label class=\"wpforms-field-label wpforms-label-hide\" for=\"wpforms-73645-field_1\">Nombre<\/label><input type=\"text\" id=\"wpforms-73645-field_1\" class=\"wpforms-field-large\" name=\"wpforms[fields][1]\" placeholder=\"Nom\" ><\/div><div id=\"wpforms-73645-field_5-container\" class=\"wpforms-field wpforms-field-text formasunto\" data-field-id=\"5\"><label class=\"wpforms-field-label wpforms-label-hide\" for=\"wpforms-73645-field_5\">Asunto <span class=\"wpforms-required-label\">*<\/span><\/label><input type=\"text\" id=\"wpforms-73645-field_5\" class=\"wpforms-field-large wpforms-field-required\" name=\"wpforms[fields][5]\" placeholder=\"Objet*\" required><\/div><div id=\"wpforms-73645-field_6-container\" class=\"wpforms-field wpforms-field-textarea formensaje\" data-field-id=\"6\"><label class=\"wpforms-field-label wpforms-label-hide\" for=\"wpforms-73645-field_6\">Mensaje<\/label><textarea id=\"wpforms-73645-field_6\" class=\"wpforms-field-large\" name=\"wpforms[fields][6]\" placeholder=\"Message\" ><\/textarea><\/div><div id=\"wpforms-73645-field_2-container\" class=\"wpforms-field wpforms-field-text formempresa\" data-field-id=\"2\"><label class=\"wpforms-field-label wpforms-label-hide\" for=\"wpforms-73645-field_2\">Departamento<\/label><input type=\"text\" id=\"wpforms-73645-field_2\" class=\"wpforms-field-large\" name=\"wpforms[fields][2]\" placeholder=\"D\u00e9partement \/ Entit\u00e9\" ><\/div><div id=\"wpforms-73645-field_3-container\" class=\"wpforms-field wpforms-field-email formemail\" data-field-id=\"3\"><label class=\"wpforms-field-label wpforms-label-hide\" for=\"wpforms-73645-field_3\">Email <span class=\"wpforms-required-label\">*<\/span><\/label><input type=\"email\" id=\"wpforms-73645-field_3\" class=\"wpforms-field-large wpforms-field-required\" name=\"wpforms[fields][3]\" placeholder=\"Email*\" spellcheck=\"false\" required><\/div><div id=\"wpforms-73645-field_4-container\" class=\"wpforms-field wpforms-field-number formtelf\" data-field-id=\"4\"><label class=\"wpforms-field-label wpforms-label-hide\" for=\"wpforms-73645-field_4\">Telefono <span class=\"wpforms-required-label\">*<\/span><\/label><input type=\"number\" id=\"wpforms-73645-field_4\" class=\"wpforms-field-large wpforms-field-required\" name=\"wpforms[fields][4]\" placeholder=\"T\u00e9l\u00e9phone*\" step=\"any\" required><\/div><div id=\"wpforms-73645-field_7-container\" class=\"wpforms-field wpforms-field-checkbox\" data-field-id=\"7\"><label class=\"wpforms-field-label wpforms-label-hide\">Casillas de verificaci\u00f3n <span class=\"wpforms-required-label\">*<\/span><\/label><ul id=\"wpforms-73645-field_7\" class=\"wpforms-field-required\"><li class=\"choice-1 depth-1\"><input type=\"checkbox\" id=\"wpforms-73645-field_7_1\" name=\"wpforms[fields][7][]\" value=\"J\u2019ai lu et j\u2019accepte la &lt;a href=&quot;https:\/\/ideatsg.com\/fr\/politique-de-confidentialite\/&quot;&gt;Politique de Confidentialit\u00e9&lt;\/a&gt; et l\u2019&lt;a href=&quot;https:\/\/ideatsg.com\/fr\/avertissement-legal\/&quot;&gt;Avis L\u00e9gal&lt;\/a&gt;.\" required ><label class=\"wpforms-field-label-inline\" for=\"wpforms-73645-field_7_1\">J\u2019ai lu et j\u2019accepte la <a href=\"https:\/\/ideatsg.com\/fr\/politique-de-confidentialite\/\">Politique de Confidentialit\u00e9<\/a> et l\u2019<a href=\"https:\/\/ideatsg.com\/fr\/avertissement-legal\/\">Avis L\u00e9gal<\/a>.<\/label><\/li><\/ul><\/div><div id=\"wpforms-73645-field_9-container\" class=\"wpforms-field wpforms-field-html legalop\" data-field-id=\"9\"><div id=\"wpforms-73645-field_9\"><style>div.wpforms-container-full .wpforms-field.wpforms-field-html.legalop {width:100%;}<\/style>\r\n<p style=\"font-size: 10px; line-height: 1.1em; text-align: justify; color: #999;\"><b>INFORMATIONS DE BASE SUR LA PROTECTION DES DONN\u00c9ES<\/b><br \/>\r\nResponsable du traitement : INGENIERIA Y DISE\u00d1O ESTRUCTURAL AVANZADO, S.L.\r\nFinalit\u00e9 : D\u00e9tecter et g\u00e9rer les activit\u00e9s et comportements potentiellement irr\u00e9guliers susceptibles de constituer une violation du Code de Conduite et d\u2019\u00c9thique, afin de les \u00e9valuer et r\u00e9soudre via des r\u00e9unions, entretiens et suivis.\r\nBase l\u00e9gale : Consentement de la personne concern\u00e9e.\r\nDestinataires : Administration Publique comp\u00e9tente et Autorit\u00e9s Judiciaires.\r\nInformations suppl\u00e9mentaires et droits : Vous pouvez obtenir des informations suppl\u00e9mentaires sur le traitement de vos donn\u00e9es, sur la mani\u00e8re d\u2019exercer vos droits ou de d\u00e9poser une r\u00e9clamation aupr\u00e8s de l\u2019Autorit\u00e9 de Contr\u00f4le espagnole, comme indiqu\u00e9 dans notre Politique de Confidentialit\u00e9 disponible sur <a href=\"https:\/\/ideatsg.com\">ideatsg.com<\/a><\/p><\/div><\/div><\/div><!-- .wpforms-field-container --><div class=\"wpforms-recaptcha-container wpforms-is-recaptcha wpforms-is-recaptcha-type-v3\" ><input type=\"hidden\" name=\"wpforms[recaptcha]\" value=\"\"><\/div><div class=\"wpforms-submit-container\" ><input type=\"hidden\" name=\"wpforms[id]\" value=\"73645\"><input type=\"hidden\" name=\"page_title\" value=\"\"><input type=\"hidden\" name=\"page_url\" value=\"https:\/\/ideatsg.com\/fr\/wp-json\/wp\/v2\/pages\/73008\"><input type=\"hidden\" name=\"url_referer\" value=\"\"><button type=\"submit\" name=\"wpforms[submit]\" id=\"wpforms-submit-73645\" class=\"wpforms-submit\" data-alt-text=\"Enviando...\" data-submit-text=\"Envoyer\" aria-live=\"assertive\" value=\"wpforms-submit\">Envoyer<\/button><img decoding=\"async\" src=\"https:\/\/ideatsg.com\/wp-content\/plugins\/wpforms\/assets\/images\/submit-spin.svg\" class=\"wpforms-submit-spinner\" style=\"display: none;\" width=\"26\" height=\"26\" alt=\"Chargement en cours\"><\/div><\/form><\/div>  <!-- .wpforms-container -->[\/vc_column_text][vc_empty_space height=\u00a0\u00bb50px\u00a0\u00bb][\/vc_column][vc_column width=\u00a0\u00bb1\/4&Prime;][\/vc_column][\/vc_row]<\/p>\n<\/div>","protected":false},"excerpt":{"rendered":"<p>[vc_row][vc_column width=\u00a0\u00bb3\/4&Prime;][vc_empty_space height=\u00a0\u00bb20px\u00a0\u00bb][vc_column_text css=\u00a0\u00bb\u00a0\u00bb]IDEA souhaite instaurer un environnement de transparence et promouvoir le respect de la l\u00e9galit\u00e9 et du Code \u00c9thique.Pour effectuer une communication, veuillez remplir ce formulaire.[\/vc_column_text][vc_column_text css=\u00a0\u00bb\u00a0\u00bb][\/vc_column_text][vc_empty_space height=\u00a0\u00bb50px\u00a0\u00bb][\/vc_column][vc_column width=\u00a0\u00bb1\/4&Prime;][\/vc_column][\/vc_row]<\/p>\n","protected":false},"author":1,"featured_media":0,"parent":0,"menu_order":0,"comment_status":"closed","ping_status":"closed","template":"","meta":{"footnotes":""},"class_list":["post-73008","page","type-page","status-publish","hentry","description-off"],"yoast_head":"<!-- This site is optimized with the Yoast SEO plugin v27.4 - https:\/\/yoast.com\/product\/yoast-seo-wordpress\/ -->\n<title>Canal de Signalement - IDEA TSG<\/title>\n<meta name=\"robots\" content=\"noindex, follow\" \/>\n<meta property=\"og:locale\" content=\"fr_FR\" \/>\n<meta property=\"og:type\" content=\"article\" \/>\n<meta property=\"og:title\" content=\"Canal de Signalement - IDEA TSG\" \/>\n<meta property=\"og:description\" content=\"[vc_row][vc_column width=\u00a0\u00bb3\/4&Prime;][vc_empty_space height=\u00a0\u00bb20px\u00a0\u00bb][vc_column_text css=\u00a0\u00bb\u00a0\u00bb]IDEA souhaite instaurer un environnement de transparence et promouvoir le respect de la l\u00e9galit\u00e9 et du Code \u00c9thique.Pour effectuer une communication, veuillez remplir ce formulaire.[\/vc_column_text][vc_column_text css=\u00a0\u00bb\u00a0\u00bb][\/vc_column_text][vc_empty_space height=\u00a0\u00bb50px\u00a0\u00bb][\/vc_column][vc_column width=\u00a0\u00bb1\/4&Prime;][\/vc_column][\/vc_row]\" \/>\n<meta property=\"og:url\" content=\"https:\/\/ideatsg.com\/fr\/canal-de-signalement\/\" \/>\n<meta property=\"og:site_name\" content=\"IDEA TSG\" \/>\n<meta property=\"article:publisher\" content=\"https:\/\/www.facebook.com\/pages\/IDEA_Ingenieria\/128013450698535?fref=ts\" \/>\n<meta property=\"article:modified_time\" content=\"2025-05-08T07:48:39+00:00\" \/>\n<meta name=\"twitter:card\" content=\"summary_large_image\" \/>\n<meta name=\"twitter:label1\" content=\"Dur\u00e9e de lecture estim\u00e9e\" \/>\n\t<meta name=\"twitter:data1\" content=\"1 minute\" \/>\n<script type=\"application\/ld+json\" class=\"yoast-schema-graph\">{\"@context\":\"https:\\\/\\\/schema.org\",\"@graph\":[{\"@type\":\"WebPage\",\"@id\":\"https:\\\/\\\/ideatsg.com\\\/fr\\\/canal-de-signalement\\\/\",\"url\":\"https:\\\/\\\/ideatsg.com\\\/fr\\\/canal-de-signalement\\\/\",\"name\":\"Canal de Signalement - IDEA TSG\",\"isPartOf\":{\"@id\":\"https:\\\/\\\/ideatsg.com\\\/fr\\\/#website\"},\"datePublished\":\"2025-05-07T14:37:55+00:00\",\"dateModified\":\"2025-05-08T07:48:39+00:00\",\"breadcrumb\":{\"@id\":\"https:\\\/\\\/ideatsg.com\\\/fr\\\/canal-de-signalement\\\/#breadcrumb\"},\"inLanguage\":\"fr-FR\",\"potentialAction\":[{\"@type\":\"ReadAction\",\"target\":[\"https:\\\/\\\/ideatsg.com\\\/fr\\\/canal-de-signalement\\\/\"]}]},{\"@type\":\"BreadcrumbList\",\"@id\":\"https:\\\/\\\/ideatsg.com\\\/fr\\\/canal-de-signalement\\\/#breadcrumb\",\"itemListElement\":[{\"@type\":\"ListItem\",\"position\":1,\"name\":\"Portada\",\"item\":\"https:\\\/\\\/ideatsg.com\\\/fr\\\/\"},{\"@type\":\"ListItem\",\"position\":2,\"name\":\"Canal de Signalement\"}]},{\"@type\":\"WebSite\",\"@id\":\"https:\\\/\\\/ideatsg.com\\\/fr\\\/#website\",\"url\":\"https:\\\/\\\/ideatsg.com\\\/fr\\\/\",\"name\":\"IDEA TSG\",\"description\":\"Dise\u00f1o Estructural Avanzado\",\"publisher\":{\"@id\":\"https:\\\/\\\/ideatsg.com\\\/fr\\\/#organization\"},\"potentialAction\":[{\"@type\":\"SearchAction\",\"target\":{\"@type\":\"EntryPoint\",\"urlTemplate\":\"https:\\\/\\\/ideatsg.com\\\/fr\\\/?s={search_term_string}\"},\"query-input\":{\"@type\":\"PropertyValueSpecification\",\"valueRequired\":true,\"valueName\":\"search_term_string\"}}],\"inLanguage\":\"fr-FR\"},{\"@type\":\"Organization\",\"@id\":\"https:\\\/\\\/ideatsg.com\\\/fr\\\/#organization\",\"name\":\"IDEA TSG\",\"url\":\"https:\\\/\\\/ideatsg.com\\\/fr\\\/\",\"logo\":{\"@type\":\"ImageObject\",\"inLanguage\":\"fr-FR\",\"@id\":\"https:\\\/\\\/ideatsg.com\\\/fr\\\/#\\\/schema\\\/logo\\\/image\\\/\",\"url\":\"https:\\\/\\\/ideatsg.com\\\/wp-content\\\/uploads\\\/2021\\\/10\\\/idea-ingenieria-logo.png\",\"contentUrl\":\"https:\\\/\\\/ideatsg.com\\\/wp-content\\\/uploads\\\/2021\\\/10\\\/idea-ingenieria-logo.png\",\"width\":198,\"height\":41,\"caption\":\"IDEA TSG\"},\"image\":{\"@id\":\"https:\\\/\\\/ideatsg.com\\\/fr\\\/#\\\/schema\\\/logo\\\/image\\\/\"},\"sameAs\":[\"https:\\\/\\\/www.facebook.com\\\/pages\\\/IDEA_Ingenieria\\\/128013450698535?fref=ts\",\"https:\\\/\\\/www.youtube.com\\\/user\\\/ideaingenieria?feature=watch\",\"https:\\\/\\\/www.instagram.com\\\/ideaingenieria\\\/\",\"https:\\\/\\\/www.linkedin.com\\\/company\\\/idea-ingenieria\"]}]}<\/script>\n<!-- \/ Yoast SEO plugin. -->","yoast_head_json":{"title":"Canal de Signalement - IDEA TSG","robots":{"index":"noindex","follow":"follow"},"og_locale":"fr_FR","og_type":"article","og_title":"Canal de Signalement - IDEA TSG","og_description":"[vc_row][vc_column width=\u00a0\u00bb3\/4&Prime;][vc_empty_space height=\u00a0\u00bb20px\u00a0\u00bb][vc_column_text css=\u00a0\u00bb\u00a0\u00bb]IDEA souhaite instaurer un environnement de transparence et promouvoir le respect de la l\u00e9galit\u00e9 et du Code \u00c9thique.Pour effectuer une communication, veuillez remplir ce formulaire.[\/vc_column_text][vc_column_text css=\u00a0\u00bb\u00a0\u00bb][\/vc_column_text][vc_empty_space height=\u00a0\u00bb50px\u00a0\u00bb][\/vc_column][vc_column width=\u00a0\u00bb1\/4&Prime;][\/vc_column][\/vc_row]","og_url":"https:\/\/ideatsg.com\/fr\/canal-de-signalement\/","og_site_name":"IDEA TSG","article_publisher":"https:\/\/www.facebook.com\/pages\/IDEA_Ingenieria\/128013450698535?fref=ts","article_modified_time":"2025-05-08T07:48:39+00:00","twitter_card":"summary_large_image","twitter_misc":{"Dur\u00e9e de lecture estim\u00e9e":"1 minute"},"schema":{"@context":"https:\/\/schema.org","@graph":[{"@type":"WebPage","@id":"https:\/\/ideatsg.com\/fr\/canal-de-signalement\/","url":"https:\/\/ideatsg.com\/fr\/canal-de-signalement\/","name":"Canal de Signalement - IDEA TSG","isPartOf":{"@id":"https:\/\/ideatsg.com\/fr\/#website"},"datePublished":"2025-05-07T14:37:55+00:00","dateModified":"2025-05-08T07:48:39+00:00","breadcrumb":{"@id":"https:\/\/ideatsg.com\/fr\/canal-de-signalement\/#breadcrumb"},"inLanguage":"fr-FR","potentialAction":[{"@type":"ReadAction","target":["https:\/\/ideatsg.com\/fr\/canal-de-signalement\/"]}]},{"@type":"BreadcrumbList","@id":"https:\/\/ideatsg.com\/fr\/canal-de-signalement\/#breadcrumb","itemListElement":[{"@type":"ListItem","position":1,"name":"Portada","item":"https:\/\/ideatsg.com\/fr\/"},{"@type":"ListItem","position":2,"name":"Canal de Signalement"}]},{"@type":"WebSite","@id":"https:\/\/ideatsg.com\/fr\/#website","url":"https:\/\/ideatsg.com\/fr\/","name":"IDEA TSG","description":"Dise\u00f1o Estructural Avanzado","publisher":{"@id":"https:\/\/ideatsg.com\/fr\/#organization"},"potentialAction":[{"@type":"SearchAction","target":{"@type":"EntryPoint","urlTemplate":"https:\/\/ideatsg.com\/fr\/?s={search_term_string}"},"query-input":{"@type":"PropertyValueSpecification","valueRequired":true,"valueName":"search_term_string"}}],"inLanguage":"fr-FR"},{"@type":"Organization","@id":"https:\/\/ideatsg.com\/fr\/#organization","name":"IDEA TSG","url":"https:\/\/ideatsg.com\/fr\/","logo":{"@type":"ImageObject","inLanguage":"fr-FR","@id":"https:\/\/ideatsg.com\/fr\/#\/schema\/logo\/image\/","url":"https:\/\/ideatsg.com\/wp-content\/uploads\/2021\/10\/idea-ingenieria-logo.png","contentUrl":"https:\/\/ideatsg.com\/wp-content\/uploads\/2021\/10\/idea-ingenieria-logo.png","width":198,"height":41,"caption":"IDEA TSG"},"image":{"@id":"https:\/\/ideatsg.com\/fr\/#\/schema\/logo\/image\/"},"sameAs":["https:\/\/www.facebook.com\/pages\/IDEA_Ingenieria\/128013450698535?fref=ts","https:\/\/www.youtube.com\/user\/ideaingenieria?feature=watch","https:\/\/www.instagram.com\/ideaingenieria\/","https:\/\/www.linkedin.com\/company\/idea-ingenieria"]}]}},"_links":{"self":[{"href":"https:\/\/ideatsg.com\/fr\/wp-json\/wp\/v2\/pages\/73008","targetHints":{"allow":["GET"]}}],"collection":[{"href":"https:\/\/ideatsg.com\/fr\/wp-json\/wp\/v2\/pages"}],"about":[{"href":"https:\/\/ideatsg.com\/fr\/wp-json\/wp\/v2\/types\/page"}],"author":[{"embeddable":true,"href":"https:\/\/ideatsg.com\/fr\/wp-json\/wp\/v2\/users\/1"}],"replies":[{"embeddable":true,"href":"https:\/\/ideatsg.com\/fr\/wp-json\/wp\/v2\/comments?post=73008"}],"version-history":[{"count":0,"href":"https:\/\/ideatsg.com\/fr\/wp-json\/wp\/v2\/pages\/73008\/revisions"}],"wp:attachment":[{"href":"https:\/\/ideatsg.com\/fr\/wp-json\/wp\/v2\/media?parent=73008"}],"curies":[{"name":"wp","href":"https:\/\/api.w.org\/{rel}","templated":true}]}}