{"id":49871,"date":"2019-11-04T10:47:58","date_gmt":"2019-11-04T10:47:58","guid":{"rendered":"https:\/\/ideatsg.com\/?page_id=49871"},"modified":"2025-05-07T15:47:38","modified_gmt":"2025-05-07T15:47:38","slug":"politique-de-confidentialite","status":"publish","type":"page","link":"https:\/\/ideatsg.com\/fr\/politique-de-confidentialite\/","title":{"rendered":"Politique de Confidentialit\u00e9"},"content":{"rendered":"<div class=\"wpb-content-wrapper\"><p>[vc_row][vc_column][vc_column_text css=\u00a0\u00bb\u00a0\u00bb]<strong>Qui est le Responsable du traitement de vos donn\u00e9es?<\/strong>[\/vc_column_text][vc_column_text css=\u00a0\u00bb\u00a0\u00bb]<\/p>\n<ul>\n<li>Raison sociale : INGENIERIA Y DISE\u00d1O ESTRUCTURAL AVANZADO, S.L.<\/li>\n<li>CIF : B30830525<\/li>\n<li>Adresse : Avda. Luxemburgo, Edf. Plaza, Ofc. 4.6, S\/n, 30353 Cartagena, Murcia<\/li>\n<li>T\u00e9l\u00e9phone : 968 500 805<\/li>\n<li>E-mail : <a class=\"cursor-pointer\" rel=\"noopener\" data-start=\"374\" data-end=\"393\">nmlopez@ideatsg.com<\/a><\/li>\n<li>Coordonn\u00e9es du DPO : SERVICIOS AVANZADOS DE PROTECCI\u00d3N DE DATOS, S.L., email : <a class=\"cursor-pointer\" rel=\"noopener\" data-start=\"475\" data-end=\"490\">dpo@sapd.com.es<\/a><\/li>\n<\/ul>\n<p>[\/vc_column_text][vc_column_text css=\u00a0\u00bb\u00a0\u00bb]<strong>\u00c0 quelles fins traitons-nous vos donn\u00e9es personnelles?<\/strong>[\/vc_column_text][vc_column_text css=\u00a0\u00bb\u00a0\u00bb]<\/p>\n<p class=\"\" data-start=\"555\" data-end=\"673\">Chez INGENIERIA Y DISE\u00d1O ESTRUCTURAL AVANZADO, S.L., nous traitons les informations suivantes \u00e0 des fins sp\u00e9cifiques :<\/p>\n<p class=\"\" data-start=\"675\" data-end=\"733\"><strong data-start=\"675\" data-end=\"686\">CONTACT<\/strong><br data-start=\"686\" data-end=\"689\" \/>Gestion des demandes re\u00e7ues via le site web.<\/p>\n<p class=\"\" data-start=\"735\" data-end=\"817\"><strong data-start=\"735\" data-end=\"751\">CANDIDATURES<\/strong><br data-start=\"751\" data-end=\"754\" \/>Gestion des candidats \u00e0 l\u2019emploi et des processus de s\u00e9lection.<\/p>\n<p class=\"\" data-start=\"819\" data-end=\"923\"><strong data-start=\"819\" data-end=\"833\">NEWSLETTER<\/strong><br data-start=\"833\" data-end=\"836\" \/>Envoi de communications avec les publications phares et les nouveaut\u00e9s de l\u2019entreprise.<\/p>\n<p class=\"\" data-start=\"925\" data-end=\"1161\"><strong data-start=\"925\" data-end=\"951\">CANAL DE SIGNALISATION<\/strong><br data-start=\"951\" data-end=\"954\" \/>D\u00e9tection et gestion des comportements ou activit\u00e9s potentiellement irr\u00e9guliers pouvant enfreindre le Code de Conduite et d\u2019\u00c9thique, en vue de leur \u00e9valuation et r\u00e9solution via r\u00e9unions, entretiens et suivi.<\/p>\n<p>[\/vc_column_text][vc_column_text css=\u00a0\u00bb\u00a0\u00bb]<strong>Combien de temps conservons-nous vos donn\u00e9es?<\/strong>[\/vc_column_text][vc_column_text css=\u00a0\u00bb\u00a0\u00bb]<\/p>\n<p class=\"\" data-start=\"1217\" data-end=\"1269\">CONTACT: Jusqu\u2019\u00e0 la r\u00e9solution de la demande.<\/p>\n<p class=\"\" data-start=\"1272\" data-end=\"1300\">CANDIDATURES: 6 mois.<\/p>\n<p class=\"\" data-start=\"1303\" data-end=\"1373\">NEWSLETTER: Jusqu\u2019\u00e0 ce que le client demande sa d\u00e9sinscription.<\/p>\n<p class=\"\" data-start=\"1376\" data-end=\"1437\">CANAL DE SIGNALISATION: Jusqu\u2019\u00e0 la r\u00e9solution des faits.<\/p>\n<p>[\/vc_column_text][vc_column_text css=\u00a0\u00bb\u00a0\u00bb]<strong>Quelle est la base l\u00e9gale du traitement de vos donn\u00e9es?<\/strong>[\/vc_column_text][vc_column_text css=\u00a0\u00bb\u00a0\u00bb]CONTACT \/ CANDIDATURES \/ NEWSLETTER \/ CANAL DE SIGNALISATION: Le consentement de la personne concern\u00e9e.[\/vc_column_text][vc_column_text css=\u00a0\u00bb\u00a0\u00bb]<strong>\u00c0 qui vos donn\u00e9es seront-elles communiqu\u00e9es?<\/strong>[\/vc_column_text][vc_column_text css=\u00a0\u00bb\u00a0\u00bb]<\/p>\n<p class=\"\" data-start=\"1666\" data-end=\"1756\">CONTACT \/ CANDIDATURES \/ NEWSLETTER: Aucune donn\u00e9e ne sera communiqu\u00e9e \u00e0 des tiers.<\/p>\n<p class=\"\" data-start=\"1759\" data-end=\"1848\">CANAL DE SIGNALISATION: Administration publique comp\u00e9tente et autorit\u00e9s judiciaires.<\/p>\n<p class=\"\" data-start=\"1850\" data-end=\"2009\">Les fournisseurs qui nous offrent un service en tant que sous-traitants pourront avoir acc\u00e8s \u00e0 vos donn\u00e9es. Nous avons sign\u00e9 avec eux les contrats n\u00e9cessaires.<\/p>\n<p>[\/vc_column_text][vc_column_text css=\u00a0\u00bb\u00a0\u00bb]<strong>Quels sont vos droits lorsque vous nous fournissez vos donn\u00e9es?<\/strong>[\/vc_column_text][vc_column_text css=\u00a0\u00bb\u00a0\u00bb]<\/p>\n<p class=\"\" data-start=\"2081\" data-end=\"2220\">Toute personne a le droit de savoir si INGENIERIA Y DISE\u00d1O ESTRUCTURAL AVANZADO, S.L. traite ou non des donn\u00e9es personnelles la concernant.<\/p>\n<p class=\"\" data-start=\"2222\" data-end=\"2472\">Les personnes concern\u00e9es ont le droit d\u2019acc\u00e9der \u00e0 leurs donn\u00e9es personnelles, de demander la rectification des donn\u00e9es inexactes ou, le cas \u00e9ch\u00e9ant, leur suppression si elles ne sont plus n\u00e9cessaires aux fins pour lesquelles elles ont \u00e9t\u00e9 collect\u00e9es.<\/p>\n<p class=\"\" data-start=\"2474\" data-end=\"2683\">Dans certaines circonstances, les personnes concern\u00e9es peuvent demander la limitation du traitement de leurs donn\u00e9es ; dans ce cas, elles ne seront conserv\u00e9es que pour l\u2019exercice ou la d\u00e9fense de r\u00e9clamations.<\/p>\n<p class=\"\" data-start=\"2685\" data-end=\"2840\">Dans certaines situations, pour des raisons li\u00e9es \u00e0 leur situation particuli\u00e8re, les personnes concern\u00e9es peuvent s\u2019opposer au traitement de leurs donn\u00e9es.<\/p>\n<p class=\"\" data-start=\"2842\" data-end=\"3023\">INGENIERIA Y DISE\u00d1O ESTRUCTURAL AVANZADO, S.L. cessera de traiter les donn\u00e9es, sauf pour des motifs l\u00e9gitimes imp\u00e9rieux ou pour l\u2019exercice ou la d\u00e9fense de r\u00e9clamations \u00e9ventuelles.<\/p>\n<p class=\"\" data-start=\"3025\" data-end=\"3226\">La personne concern\u00e9e a le droit de d\u00e9poser une r\u00e9clamation aupr\u00e8s de l\u2019Autorit\u00e9 de Contr\u00f4le (agpd.es) si elle estime que le traitement de ses donn\u00e9es n\u2019est pas conforme \u00e0 la r\u00e9glementation en vigueur.<\/p>\n<p>[\/vc_column_text][vc_column_text css=\u00a0\u00bb\u00a0\u00bb]<strong>Coordonn\u00e9es pour exercer vos droits:<\/strong>[\/vc_column_text][vc_column_text css=\u00a0\u00bb\u00a0\u00bb]Par \u00e9crit \u00e0 INGENIERIA Y DISE\u00d1O ESTRUCTURAL AVANZADO, S.L., Avda. Luxemburgo, Edf. Plaza, Ofc. 4.6, S\/n, 30353 Cartagena, Murcia ou par e-mail \u00e0 <a class=\"cursor-pointer\" rel=\"noopener\" data-start=\"3417\" data-end=\"3436\">nmlopez@ideatsg.com<\/a> en indiquant dans l\u2019objet \u201cPROTECTION DES DONN\u00c9ES\u201d. Des informations suppl\u00e9mentaires pourront \u00eatre demand\u00e9es pour vous identifier et traiter votre demande.[\/vc_column_text][vc_column_text css=\u00a0\u00bb\u00a0\u00bb]<strong>Comment avons-nous obtenu vos donn\u00e9es?<\/strong>[\/vc_column_text][vc_column_text css=\u00a0\u00bb\u00a0\u00bb]<\/p>\n<p class=\"\" data-start=\"3639\" data-end=\"3821\">Les donn\u00e9es personnelles trait\u00e9es par INGENIERIA Y DISE\u00d1O ESTRUCTURAL AVANZADO, S.L. ont \u00e9t\u00e9 fournies par la personne concern\u00e9e ou par les entreprises pour lesquelles elle travaille.<\/p>\n<p class=\"\" data-start=\"3823\" data-end=\"4117\">La personne concern\u00e9e garantit l\u2019exactitude, la validit\u00e9 et l\u2019authenticit\u00e9 des donn\u00e9es fournies, et s\u2019engage \u00e0 les maintenir \u00e0 jour. L\u2019ENTREPRISE d\u00e9cline toute responsabilit\u00e9 \u00e0 cet \u00e9gard. L\u2019utilisateur accepte de fournir des informations compl\u00e8tes et exactes dans les formulaires d\u2019inscription.<\/p>\n<p class=\"\" data-start=\"4119\" data-end=\"4404\">De plus, INGENIERIA Y DISE\u00d1O ESTRUCTURAL AVANZADO, S.L. n\u2019est pas responsable de l\u2019exactitude des informations non \u00e9labor\u00e9es par elle-m\u00eame et pour lesquelles une autre source est indiqu\u00e9e. Elle n\u2019assume donc aucune responsabilit\u00e9 pour les dommages pouvant r\u00e9sulter de leur utilisation.<\/p>\n<p>[\/vc_column_text][vc_column_text css=\u00a0\u00bb\u00a0\u00bb]<strong>Utilisation commune avec les r\u00e9seaux sociaux<\/strong>[\/vc_column_text][vc_column_text css=\u00a0\u00bb\u00a0\u00bb]<\/p>\n<p class=\"\" data-start=\"4456\" data-end=\"4801\">Si la personne concern\u00e9e choisit d\u2019acc\u00e9der aux Services via son compte sur les r\u00e9seaux sociaux (par exemple, Facebook, Twitter, Instagram, LinkedIn ou YouTube) ou clique sur un bouton ou lien des r\u00e9seaux sociaux (par exemple, le bouton \u201cJ\u2019aime\u201d de Facebook), son contenu et ses informations personnelles seront partag\u00e9s avec ces r\u00e9seaux sociaux.<\/p>\n<p class=\"\" data-start=\"4803\" data-end=\"5189\">La personne concern\u00e9e comprend et accepte que l\u2019utilisation de ses donn\u00e9es personnelles, y compris celles partag\u00e9es via les Services, est r\u00e9gie par la politique de confidentialit\u00e9 desdits r\u00e9seaux sociaux. Si elle ne souhaite pas que ses donn\u00e9es soient collect\u00e9es, elle doit consulter la politique de confidentialit\u00e9 du r\u00e9seau concern\u00e9 et\/ou se d\u00e9connecter avant d\u2019utiliser nos Services.<\/p>\n<p>[\/vc_column_text][vc_column_text css=\u00a0\u00bb\u00a0\u00bb]<strong>Mineurs<\/strong>[\/vc_column_text][vc_column_text css=\u00a0\u00bb\u00a0\u00bb]Les mineurs de moins de 14 ans ne peuvent pas s\u2019inscrire.[\/vc_column_text][vc_column_text css=\u00a0\u00bb\u00a0\u00bb]<strong>Modifications de la Politique de Confidentialit\u00e9<\/strong>[\/vc_column_text][vc_column_text css=\u00a0\u00bb\u00a0\u00bb]INGENIERIA Y DISE\u00d1O ESTRUCTURAL AVANZADO, S.L. se r\u00e9serve le droit de modifier cette politique afin de l\u2019adapter aux \u00e9volutions l\u00e9gislatives ou jurisprudentielles. Dans ce cas, les modifications seront annonc\u00e9es sur cette page suffisamment \u00e0 l\u2019avance.[\/vc_column_text][vc_empty_space height=\u00a0\u00bb20px\u00a0\u00bb][vc_column_text css=\u00a0\u00bb\u00a0\u00bb]Politique de confidentialit\u00e9 mise \u00e0 jour le 07\/05\/2025.[\/vc_column_text][vc_empty_space][\/vc_column][\/vc_row]<\/p>\n<\/div>","protected":false},"excerpt":{"rendered":"<p>[vc_row][vc_column][vc_column_text css=\u00a0\u00bb\u00a0\u00bb]Qui est le Responsable du traitement de vos donn\u00e9es?[\/vc_column_text][vc_column_text css=\u00a0\u00bb\u00a0\u00bb] Raison sociale : INGENIERIA Y DISE\u00d1O ESTRUCTURAL AVANZADO, S.L. CIF : B30830525 Adresse : Avda. Luxemburgo, Edf. Plaza, Ofc. 4.6, S\/n, 30353 Cartagena, Murcia T\u00e9l\u00e9phone : 968 500 805 E-mail : nmlopez@ideatsg.com Coordonn\u00e9es du DPO : SERVICIOS AVANZADOS DE PROTECCI\u00d3N DE DATOS, S.L., email&hellip;<\/p>\n","protected":false},"author":1,"featured_media":0,"parent":0,"menu_order":0,"comment_status":"closed","ping_status":"closed","template":"","meta":{"footnotes":""},"class_list":["post-49871","page","type-page","status-publish","hentry","description-off"],"yoast_head":"<!-- This site is optimized with the Yoast SEO plugin v27.4 - https:\/\/yoast.com\/product\/yoast-seo-wordpress\/ -->\n<title>Politique de Confidentialit\u00e9 - IDEA TSG<\/title>\n<meta name=\"robots\" content=\"index, follow, max-snippet:-1, max-image-preview:large, max-video-preview:-1\" \/>\n<link rel=\"canonical\" href=\"https:\/\/ideatsg.com\/fr\/politique-de-confidentialite\/\" \/>\n<meta property=\"og:locale\" content=\"fr_FR\" \/>\n<meta property=\"og:type\" content=\"article\" \/>\n<meta property=\"og:title\" content=\"Politique de Confidentialit\u00e9 - IDEA TSG\" \/>\n<meta property=\"og:description\" content=\"[vc_row][vc_column][vc_column_text css=\u00a0\u00bb\u00a0\u00bb]Qui est le Responsable du traitement de vos donn\u00e9es?[\/vc_column_text][vc_column_text css=\u00a0\u00bb\u00a0\u00bb] Raison sociale : INGENIERIA Y DISE\u00d1O ESTRUCTURAL AVANZADO, S.L. CIF : B30830525 Adresse : Avda. Luxemburgo, Edf. Plaza, Ofc. 4.6, S\/n, 30353 Cartagena, Murcia T\u00e9l\u00e9phone : 968 500 805 E-mail : nmlopez@ideatsg.com Coordonn\u00e9es du DPO : SERVICIOS AVANZADOS DE PROTECCI\u00d3N DE DATOS, S.L., email&hellip;\" \/>\n<meta property=\"og:url\" content=\"https:\/\/ideatsg.com\/fr\/politique-de-confidentialite\/\" \/>\n<meta property=\"og:site_name\" content=\"IDEA TSG\" \/>\n<meta property=\"article:publisher\" content=\"https:\/\/www.facebook.com\/pages\/IDEA_Ingenieria\/128013450698535?fref=ts\" \/>\n<meta property=\"article:modified_time\" content=\"2025-05-07T15:47:38+00:00\" \/>\n<meta name=\"twitter:card\" content=\"summary_large_image\" \/>\n<meta name=\"twitter:label1\" content=\"Dur\u00e9e de lecture estim\u00e9e\" \/>\n\t<meta name=\"twitter:data1\" content=\"4 minutes\" \/>\n<script type=\"application\/ld+json\" class=\"yoast-schema-graph\">{\"@context\":\"https:\\\/\\\/schema.org\",\"@graph\":[{\"@type\":\"WebPage\",\"@id\":\"https:\\\/\\\/ideatsg.com\\\/fr\\\/politique-de-confidentialite\\\/\",\"url\":\"https:\\\/\\\/ideatsg.com\\\/fr\\\/politique-de-confidentialite\\\/\",\"name\":\"Politique de Confidentialit\u00e9 - IDEA TSG\",\"isPartOf\":{\"@id\":\"https:\\\/\\\/ideatsg.com\\\/fr\\\/#website\"},\"datePublished\":\"2019-11-04T10:47:58+00:00\",\"dateModified\":\"2025-05-07T15:47:38+00:00\",\"breadcrumb\":{\"@id\":\"https:\\\/\\\/ideatsg.com\\\/fr\\\/politique-de-confidentialite\\\/#breadcrumb\"},\"inLanguage\":\"fr-FR\",\"potentialAction\":[{\"@type\":\"ReadAction\",\"target\":[\"https:\\\/\\\/ideatsg.com\\\/fr\\\/politique-de-confidentialite\\\/\"]}]},{\"@type\":\"BreadcrumbList\",\"@id\":\"https:\\\/\\\/ideatsg.com\\\/fr\\\/politique-de-confidentialite\\\/#breadcrumb\",\"itemListElement\":[{\"@type\":\"ListItem\",\"position\":1,\"name\":\"Portada\",\"item\":\"https:\\\/\\\/ideatsg.com\\\/fr\\\/\"},{\"@type\":\"ListItem\",\"position\":2,\"name\":\"Politique de Confidentialit\u00e9\"}]},{\"@type\":\"WebSite\",\"@id\":\"https:\\\/\\\/ideatsg.com\\\/fr\\\/#website\",\"url\":\"https:\\\/\\\/ideatsg.com\\\/fr\\\/\",\"name\":\"IDEA TSG\",\"description\":\"Dise\u00f1o Estructural Avanzado\",\"publisher\":{\"@id\":\"https:\\\/\\\/ideatsg.com\\\/fr\\\/#organization\"},\"potentialAction\":[{\"@type\":\"SearchAction\",\"target\":{\"@type\":\"EntryPoint\",\"urlTemplate\":\"https:\\\/\\\/ideatsg.com\\\/fr\\\/?s={search_term_string}\"},\"query-input\":{\"@type\":\"PropertyValueSpecification\",\"valueRequired\":true,\"valueName\":\"search_term_string\"}}],\"inLanguage\":\"fr-FR\"},{\"@type\":\"Organization\",\"@id\":\"https:\\\/\\\/ideatsg.com\\\/fr\\\/#organization\",\"name\":\"IDEA TSG\",\"url\":\"https:\\\/\\\/ideatsg.com\\\/fr\\\/\",\"logo\":{\"@type\":\"ImageObject\",\"inLanguage\":\"fr-FR\",\"@id\":\"https:\\\/\\\/ideatsg.com\\\/fr\\\/#\\\/schema\\\/logo\\\/image\\\/\",\"url\":\"https:\\\/\\\/ideatsg.com\\\/wp-content\\\/uploads\\\/2021\\\/10\\\/idea-ingenieria-logo.png\",\"contentUrl\":\"https:\\\/\\\/ideatsg.com\\\/wp-content\\\/uploads\\\/2021\\\/10\\\/idea-ingenieria-logo.png\",\"width\":198,\"height\":41,\"caption\":\"IDEA TSG\"},\"image\":{\"@id\":\"https:\\\/\\\/ideatsg.com\\\/fr\\\/#\\\/schema\\\/logo\\\/image\\\/\"},\"sameAs\":[\"https:\\\/\\\/www.facebook.com\\\/pages\\\/IDEA_Ingenieria\\\/128013450698535?fref=ts\",\"https:\\\/\\\/www.youtube.com\\\/user\\\/ideaingenieria?feature=watch\",\"https:\\\/\\\/www.instagram.com\\\/ideaingenieria\\\/\",\"https:\\\/\\\/www.linkedin.com\\\/company\\\/idea-ingenieria\"]}]}<\/script>\n<!-- \/ Yoast SEO plugin. -->","yoast_head_json":{"title":"Politique de Confidentialit\u00e9 - IDEA TSG","robots":{"index":"index","follow":"follow","max-snippet":"max-snippet:-1","max-image-preview":"max-image-preview:large","max-video-preview":"max-video-preview:-1"},"canonical":"https:\/\/ideatsg.com\/fr\/politique-de-confidentialite\/","og_locale":"fr_FR","og_type":"article","og_title":"Politique de Confidentialit\u00e9 - IDEA TSG","og_description":"[vc_row][vc_column][vc_column_text css=\u00a0\u00bb\u00a0\u00bb]Qui est le Responsable du traitement de vos donn\u00e9es?[\/vc_column_text][vc_column_text css=\u00a0\u00bb\u00a0\u00bb] Raison sociale : INGENIERIA Y DISE\u00d1O ESTRUCTURAL AVANZADO, S.L. CIF : B30830525 Adresse : Avda. Luxemburgo, Edf. Plaza, Ofc. 4.6, S\/n, 30353 Cartagena, Murcia T\u00e9l\u00e9phone : 968 500 805 E-mail : nmlopez@ideatsg.com Coordonn\u00e9es du DPO : SERVICIOS AVANZADOS DE PROTECCI\u00d3N DE DATOS, S.L., email&hellip;","og_url":"https:\/\/ideatsg.com\/fr\/politique-de-confidentialite\/","og_site_name":"IDEA TSG","article_publisher":"https:\/\/www.facebook.com\/pages\/IDEA_Ingenieria\/128013450698535?fref=ts","article_modified_time":"2025-05-07T15:47:38+00:00","twitter_card":"summary_large_image","twitter_misc":{"Dur\u00e9e de lecture estim\u00e9e":"4 minutes"},"schema":{"@context":"https:\/\/schema.org","@graph":[{"@type":"WebPage","@id":"https:\/\/ideatsg.com\/fr\/politique-de-confidentialite\/","url":"https:\/\/ideatsg.com\/fr\/politique-de-confidentialite\/","name":"Politique de Confidentialit\u00e9 - IDEA TSG","isPartOf":{"@id":"https:\/\/ideatsg.com\/fr\/#website"},"datePublished":"2019-11-04T10:47:58+00:00","dateModified":"2025-05-07T15:47:38+00:00","breadcrumb":{"@id":"https:\/\/ideatsg.com\/fr\/politique-de-confidentialite\/#breadcrumb"},"inLanguage":"fr-FR","potentialAction":[{"@type":"ReadAction","target":["https:\/\/ideatsg.com\/fr\/politique-de-confidentialite\/"]}]},{"@type":"BreadcrumbList","@id":"https:\/\/ideatsg.com\/fr\/politique-de-confidentialite\/#breadcrumb","itemListElement":[{"@type":"ListItem","position":1,"name":"Portada","item":"https:\/\/ideatsg.com\/fr\/"},{"@type":"ListItem","position":2,"name":"Politique de Confidentialit\u00e9"}]},{"@type":"WebSite","@id":"https:\/\/ideatsg.com\/fr\/#website","url":"https:\/\/ideatsg.com\/fr\/","name":"IDEA TSG","description":"Dise\u00f1o Estructural Avanzado","publisher":{"@id":"https:\/\/ideatsg.com\/fr\/#organization"},"potentialAction":[{"@type":"SearchAction","target":{"@type":"EntryPoint","urlTemplate":"https:\/\/ideatsg.com\/fr\/?s={search_term_string}"},"query-input":{"@type":"PropertyValueSpecification","valueRequired":true,"valueName":"search_term_string"}}],"inLanguage":"fr-FR"},{"@type":"Organization","@id":"https:\/\/ideatsg.com\/fr\/#organization","name":"IDEA TSG","url":"https:\/\/ideatsg.com\/fr\/","logo":{"@type":"ImageObject","inLanguage":"fr-FR","@id":"https:\/\/ideatsg.com\/fr\/#\/schema\/logo\/image\/","url":"https:\/\/ideatsg.com\/wp-content\/uploads\/2021\/10\/idea-ingenieria-logo.png","contentUrl":"https:\/\/ideatsg.com\/wp-content\/uploads\/2021\/10\/idea-ingenieria-logo.png","width":198,"height":41,"caption":"IDEA TSG"},"image":{"@id":"https:\/\/ideatsg.com\/fr\/#\/schema\/logo\/image\/"},"sameAs":["https:\/\/www.facebook.com\/pages\/IDEA_Ingenieria\/128013450698535?fref=ts","https:\/\/www.youtube.com\/user\/ideaingenieria?feature=watch","https:\/\/www.instagram.com\/ideaingenieria\/","https:\/\/www.linkedin.com\/company\/idea-ingenieria"]}]}},"_links":{"self":[{"href":"https:\/\/ideatsg.com\/fr\/wp-json\/wp\/v2\/pages\/49871","targetHints":{"allow":["GET"]}}],"collection":[{"href":"https:\/\/ideatsg.com\/fr\/wp-json\/wp\/v2\/pages"}],"about":[{"href":"https:\/\/ideatsg.com\/fr\/wp-json\/wp\/v2\/types\/page"}],"author":[{"embeddable":true,"href":"https:\/\/ideatsg.com\/fr\/wp-json\/wp\/v2\/users\/1"}],"replies":[{"embeddable":true,"href":"https:\/\/ideatsg.com\/fr\/wp-json\/wp\/v2\/comments?post=49871"}],"version-history":[{"count":0,"href":"https:\/\/ideatsg.com\/fr\/wp-json\/wp\/v2\/pages\/49871\/revisions"}],"wp:attachment":[{"href":"https:\/\/ideatsg.com\/fr\/wp-json\/wp\/v2\/media?parent=49871"}],"curies":[{"name":"wp","href":"https:\/\/api.w.org\/{rel}","templated":true}]}}