{"id":45005,"date":"2018-08-27T18:26:01","date_gmt":"2018-08-27T18:26:01","guid":{"rendered":"https:\/\/ideatsg.com\/projets\/ingenierie-de-projets\/modelisation-bim\/"},"modified":"2021-11-04T10:56:32","modified_gmt":"2021-11-04T10:56:32","slug":"modelisation-bim","status":"publish","type":"page","link":"https:\/\/ideatsg.com\/fr\/projets\/ingenierie-de-projets\/modelisation-bim\/","title":{"rendered":"Mod\u00e9lisation BIM"},"content":{"rendered":"<div class=\"wpb-content-wrapper\"><p>[vc_row type=\u00a0\u00bbvc_default\u00a0\u00bb full_height=\u00a0\u00bbyes\u00a0\u00bb equal_height=\u00a0\u00bbyes\u00a0\u00bb full_width_row=\u00a0\u00bbtrue\u00a0\u00bb bg_type=\u00a0\u00bbu_iframe\u00a0\u00bb u_video_url=\u00a0\u00bbhttps:\/\/www.youtube.com\/watch?v=SOAOZOXymXg\u00a0\u00bb video_opts=\u00a0\u00bbloop,muted\u00a0\u00bb video_poster=\u00a0\u00bbid^57830|url^https:\/\/ideatsg.com\/wp-content\/uploads\/2021\/11\/modelado-bim.jpg|caption^null|alt^Modelado BIM|title^Modelado BIM|description^Modelado BIM\u00a0\u00bb bg_override=\u00a0\u00bbfull\u00a0\u00bb el_class=\u00a0\u00bbsectores\u00a0\u00bb css=\u00a0\u00bb.vc_custom_1636020388409{padding-top: 0px !important;}\u00a0\u00bb el_id=\u00a0\u00bbintro-video\u00a0\u00bb][vc_column][vc_row_inner content_placement=\u00a0\u00bbmiddle\u00a0\u00bb css=\u00a0\u00bb.vc_custom_1587730202964{padding-top: 2em !important;padding-bottom: 2em !important;}\u00a0\u00bb][vc_column_inner width=\u00a0\u00bb1\/4&Prime;][\/vc_column_inner][vc_column_inner width=\u00a0\u00bb1\/2&Prime; css=\u00a0\u00bb.vc_custom_1587728345251{padding-top: 1em !important;padding-bottom: 2em !important;}\u00a0\u00bb][vc_empty_space height=\u00a0\u00bb1em\u00a0\u00bb][vc_single_image image=\u00a0\u00bb55951&Prime; img_size=\u00a0\u00bbfull\u00a0\u00bb alignment=\u00a0\u00bbcenter\u00a0\u00bb css_animation=\u00a0\u00bbfadeInUp\u00a0\u00bb lazy_loading=\u00a0\u00bbtrue\u00a0\u00bb]<div id=\"ultimate-heading-141769f127e4c37aa\" class=\"uvc-heading ult-adjust-bottom-margin ultimate-heading-141769f127e4c37aa uvc-1283 destacado\" data-hspacer=\"no_spacer\"  data-halign=\"center\" style=\"text-align:center\"><div class=\"uvc-heading-spacer no_spacer\" style=\"top\"><\/div><div class=\"uvc-main-heading ult-responsive\"  data-ultimate-target='.uvc-heading.ultimate-heading-141769f127e4c37aa h1'  data-responsive-json-new='{\"font-size\":\"desktop:40px;\",\"line-height\":\"desktop:50px;\"}' ><h1 style=\"font-family:&#039;Montserrat&#039;;font-weight:700;color:#ffffff;margin-bottom:0.5em;\">PROJETS<br \/>\n<b>Mod\u00e9lisation BIM<\/b><\/h1><\/div><div class=\"uvc-sub-heading ult-responsive\"  data-ultimate-target='.uvc-heading.ultimate-heading-141769f127e4c37aa .uvc-sub-heading '  data-responsive-json-new='{\"font-size\":\"desktop:16px;\",\"line-height\":\"desktop:26px;\"}'  style=\"font-family:&#039;Montserrat&#039;;font-weight:300;color:#ffffff;margin-bottom:2em;\">Int\u00e9gration dans nos projets de mod\u00e8les BIM pour une conception globale de l\u2019\u00e9difice, avec structure, installations (MEP) et architecture.<\/div><\/div><div class=\" vc_custom_1636023340802 ubtn-ctn-center \"><a class=\"ubtn-link ult-adjust-bottom-margin ubtn-center ubtn-large \" href=\"https:\/\/ideatsg.com\/fr\/bim\/\" title=\"BIM\" ><button type=\"button\" id=\"ubtn-7213\"  class=\"ubtn ult-adjust-bottom-margin ult-responsive ubtn-large ubtn-no-hover-bg  none  ubtn-center   tooltip-69f127e4c38e1\"  data-hover=\"#f6303e\" data-border-color=\"\" data-bg=\"#f6303e\" data-hover-bg=\"#ffffff\" data-border-hover=\"\" data-shadow-hover=\"\" data-shadow-click=\"none\" data-shadow=\"\" data-shd-shadow=\"\"  data-ultimate-target='#ubtn-7213'  data-responsive-json-new='{\"font-size\":\"desktop:14px;\",\"line-height\":\"desktop:24px;\"}'  style=\"font-family:&#039;Montserrat&#039;;font-weight:700;border:none;background: #f6303e;color: #ffffff;\"><span class=\"ubtn-hover\" style=\"background-color:#ffffff\"><\/span><span class=\"ubtn-data ubtn-text \" >Qu&#039;est-ce que le BIM?<\/span><\/button><\/a><\/div>[vc_empty_space height=\u00a0\u00bb1em\u00a0\u00bb][\/vc_column_inner][vc_column_inner width=\u00a0\u00bb1\/4&Prime;][\/vc_column_inner][\/vc_row_inner][\/vc_column][\/vc_row]<\/p>\n<\/div>","protected":false},"excerpt":{"rendered":"<p>[vc_row type=\u00a0\u00bbvc_default\u00a0\u00bb full_height=\u00a0\u00bbyes\u00a0\u00bb equal_height=\u00a0\u00bbyes\u00a0\u00bb full_width_row=\u00a0\u00bbtrue\u00a0\u00bb bg_type=\u00a0\u00bbu_iframe\u00a0\u00bb u_video_url=\u00a0\u00bbhttps:\/\/www.youtube.com\/watch?v=SOAOZOXymXg\u00a0\u00bb video_opts=\u00a0\u00bbloop,muted\u00a0\u00bb video_poster=\u00a0\u00bbid^57830|url^https:\/\/ideatsg.com\/wp-content\/uploads\/2021\/11\/modelado-bim.jpg|caption^null|alt^Modelado BIM|title^Modelado BIM|description^Modelado BIM\u00a0\u00bb bg_override=\u00a0\u00bbfull\u00a0\u00bb el_class=\u00a0\u00bbsectores\u00a0\u00bb css=\u00a0\u00bb.vc_custom_1636020388409{padding-top: 0px !important;}\u00a0\u00bb el_id=\u00a0\u00bbintro-video\u00a0\u00bb][vc_column][vc_row_inner content_placement=\u00a0\u00bbmiddle\u00a0\u00bb css=\u00a0\u00bb.vc_custom_1587730202964{padding-top: 2em !important;padding-bottom: 2em !important;}\u00a0\u00bb][vc_column_inner width=\u00a0\u00bb1\/4&Prime;][\/vc_column_inner][vc_column_inner width=\u00a0\u00bb1\/2&Prime; css=\u00a0\u00bb.vc_custom_1587728345251{padding-top: 1em !important;padding-bottom: 2em !important;}\u00a0\u00bb][vc_empty_space height=\u00a0\u00bb1em\u00a0\u00bb][vc_single_image image=\u00a0\u00bb55951&Prime; img_size=\u00a0\u00bbfull\u00a0\u00bb alignment=\u00a0\u00bbcenter\u00a0\u00bb css_animation=\u00a0\u00bbfadeInUp\u00a0\u00bb lazy_loading=\u00a0\u00bbtrue\u00a0\u00bb][vc_empty_space height=\u00a0\u00bb1em\u00a0\u00bb][\/vc_column_inner][vc_column_inner width=\u00a0\u00bb1\/4&Prime;][\/vc_column_inner][\/vc_row_inner][\/vc_column][\/vc_row]<\/p>\n","protected":false},"author":1,"featured_media":0,"parent":44993,"menu_order":60,"comment_status":"closed","ping_status":"closed","template":"template-portfolio-masonry.php","meta":{"footnotes":""},"class_list":["post-45005","page","type-page","status-publish","hentry","description-off"],"yoast_head":"<!-- This site is optimized with the Yoast SEO plugin v27.4 - https:\/\/yoast.com\/product\/yoast-seo-wordpress\/ -->\n<title>Projets BIM | IDEA Ingenier\u00eda<\/title>\n<meta name=\"description\" content=\"Nos projets sont un exemple du souci du d\u00e9tail que notre \u00e9quipe est en mesure de d\u00e9velopper dans les secteurs de l\u2019ing\u00e9nierie industrielle.\" \/>\n<meta name=\"robots\" content=\"index, follow, max-snippet:-1, max-image-preview:large, max-video-preview:-1\" \/>\n<link rel=\"canonical\" href=\"https:\/\/ideatsg.com\/fr\/projets\/ingenierie-de-projets\/modelisation-bim\/\" \/>\n<meta property=\"og:locale\" content=\"fr_FR\" \/>\n<meta property=\"og:type\" content=\"article\" \/>\n<meta property=\"og:title\" content=\"Projets BIM | IDEA Ingenier\u00eda\" \/>\n<meta property=\"og:description\" content=\"Nos projets sont un exemple du souci du d\u00e9tail que notre \u00e9quipe est en mesure de d\u00e9velopper dans les secteurs de l\u2019ing\u00e9nierie industrielle.\" \/>\n<meta property=\"og:url\" content=\"https:\/\/ideatsg.com\/fr\/projets\/ingenierie-de-projets\/modelisation-bim\/\" \/>\n<meta property=\"og:site_name\" content=\"IDEA TSG\" \/>\n<meta property=\"article:publisher\" content=\"https:\/\/www.facebook.com\/pages\/IDEA_Ingenieria\/128013450698535?fref=ts\" \/>\n<meta property=\"article:modified_time\" content=\"2021-11-04T10:56:32+00:00\" \/>\n<meta name=\"twitter:card\" content=\"summary_large_image\" \/>\n<meta name=\"twitter:label1\" content=\"Dur\u00e9e de lecture estim\u00e9e\" \/>\n\t<meta name=\"twitter:data1\" content=\"2 minutes\" \/>\n<script type=\"application\/ld+json\" class=\"yoast-schema-graph\">{\"@context\":\"https:\\\/\\\/schema.org\",\"@graph\":[{\"@type\":\"WebPage\",\"@id\":\"https:\\\/\\\/ideatsg.com\\\/fr\\\/projets\\\/ingenierie-de-projets\\\/modelisation-bim\\\/\",\"url\":\"https:\\\/\\\/ideatsg.com\\\/fr\\\/projets\\\/ingenierie-de-projets\\\/modelisation-bim\\\/\",\"name\":\"Projets BIM | IDEA Ingenier\u00eda\",\"isPartOf\":{\"@id\":\"https:\\\/\\\/ideatsg.com\\\/fr\\\/#website\"},\"datePublished\":\"2018-08-27T18:26:01+00:00\",\"dateModified\":\"2021-11-04T10:56:32+00:00\",\"description\":\"Nos projets sont un exemple du souci du d\u00e9tail que notre \u00e9quipe est en mesure de d\u00e9velopper dans les secteurs de l\u2019ing\u00e9nierie industrielle.\",\"breadcrumb\":{\"@id\":\"https:\\\/\\\/ideatsg.com\\\/fr\\\/projets\\\/ingenierie-de-projets\\\/modelisation-bim\\\/#breadcrumb\"},\"inLanguage\":\"fr-FR\",\"potentialAction\":[{\"@type\":\"ReadAction\",\"target\":[\"https:\\\/\\\/ideatsg.com\\\/fr\\\/projets\\\/ingenierie-de-projets\\\/modelisation-bim\\\/\"]}]},{\"@type\":\"BreadcrumbList\",\"@id\":\"https:\\\/\\\/ideatsg.com\\\/fr\\\/projets\\\/ingenierie-de-projets\\\/modelisation-bim\\\/#breadcrumb\",\"itemListElement\":[{\"@type\":\"ListItem\",\"position\":1,\"name\":\"Portada\",\"item\":\"https:\\\/\\\/ideatsg.com\\\/fr\\\/\"},{\"@type\":\"ListItem\",\"position\":2,\"name\":\"Projets\",\"item\":\"https:\\\/\\\/ideatsg.com\\\/fr\\\/projets\\\/\"},{\"@type\":\"ListItem\",\"position\":3,\"name\":\"Ing\u00e9nierie de Projets\",\"item\":\"https:\\\/\\\/ideatsg.com\\\/fr\\\/projets\\\/ingenierie-de-projets\\\/\"},{\"@type\":\"ListItem\",\"position\":4,\"name\":\"Mod\u00e9lisation BIM\"}]},{\"@type\":\"WebSite\",\"@id\":\"https:\\\/\\\/ideatsg.com\\\/fr\\\/#website\",\"url\":\"https:\\\/\\\/ideatsg.com\\\/fr\\\/\",\"name\":\"IDEA TSG\",\"description\":\"Dise\u00f1o Estructural Avanzado\",\"publisher\":{\"@id\":\"https:\\\/\\\/ideatsg.com\\\/fr\\\/#organization\"},\"potentialAction\":[{\"@type\":\"SearchAction\",\"target\":{\"@type\":\"EntryPoint\",\"urlTemplate\":\"https:\\\/\\\/ideatsg.com\\\/fr\\\/?s={search_term_string}\"},\"query-input\":{\"@type\":\"PropertyValueSpecification\",\"valueRequired\":true,\"valueName\":\"search_term_string\"}}],\"inLanguage\":\"fr-FR\"},{\"@type\":\"Organization\",\"@id\":\"https:\\\/\\\/ideatsg.com\\\/fr\\\/#organization\",\"name\":\"IDEA TSG\",\"url\":\"https:\\\/\\\/ideatsg.com\\\/fr\\\/\",\"logo\":{\"@type\":\"ImageObject\",\"inLanguage\":\"fr-FR\",\"@id\":\"https:\\\/\\\/ideatsg.com\\\/fr\\\/#\\\/schema\\\/logo\\\/image\\\/\",\"url\":\"https:\\\/\\\/ideatsg.com\\\/wp-content\\\/uploads\\\/2021\\\/10\\\/idea-ingenieria-logo.png\",\"contentUrl\":\"https:\\\/\\\/ideatsg.com\\\/wp-content\\\/uploads\\\/2021\\\/10\\\/idea-ingenieria-logo.png\",\"width\":198,\"height\":41,\"caption\":\"IDEA TSG\"},\"image\":{\"@id\":\"https:\\\/\\\/ideatsg.com\\\/fr\\\/#\\\/schema\\\/logo\\\/image\\\/\"},\"sameAs\":[\"https:\\\/\\\/www.facebook.com\\\/pages\\\/IDEA_Ingenieria\\\/128013450698535?fref=ts\",\"https:\\\/\\\/www.youtube.com\\\/user\\\/ideaingenieria?feature=watch\",\"https:\\\/\\\/www.instagram.com\\\/ideaingenieria\\\/\",\"https:\\\/\\\/www.linkedin.com\\\/company\\\/idea-ingenieria\"]}]}<\/script>\n<!-- \/ Yoast SEO plugin. -->","yoast_head_json":{"title":"Projets BIM | IDEA Ingenier\u00eda","description":"Nos projets sont un exemple du souci du d\u00e9tail que notre \u00e9quipe est en mesure de d\u00e9velopper dans les secteurs de l\u2019ing\u00e9nierie industrielle.","robots":{"index":"index","follow":"follow","max-snippet":"max-snippet:-1","max-image-preview":"max-image-preview:large","max-video-preview":"max-video-preview:-1"},"canonical":"https:\/\/ideatsg.com\/fr\/projets\/ingenierie-de-projets\/modelisation-bim\/","og_locale":"fr_FR","og_type":"article","og_title":"Projets BIM | IDEA Ingenier\u00eda","og_description":"Nos projets sont un exemple du souci du d\u00e9tail que notre \u00e9quipe est en mesure de d\u00e9velopper dans les secteurs de l\u2019ing\u00e9nierie industrielle.","og_url":"https:\/\/ideatsg.com\/fr\/projets\/ingenierie-de-projets\/modelisation-bim\/","og_site_name":"IDEA TSG","article_publisher":"https:\/\/www.facebook.com\/pages\/IDEA_Ingenieria\/128013450698535?fref=ts","article_modified_time":"2021-11-04T10:56:32+00:00","twitter_card":"summary_large_image","twitter_misc":{"Dur\u00e9e de lecture estim\u00e9e":"2 minutes"},"schema":{"@context":"https:\/\/schema.org","@graph":[{"@type":"WebPage","@id":"https:\/\/ideatsg.com\/fr\/projets\/ingenierie-de-projets\/modelisation-bim\/","url":"https:\/\/ideatsg.com\/fr\/projets\/ingenierie-de-projets\/modelisation-bim\/","name":"Projets BIM | IDEA Ingenier\u00eda","isPartOf":{"@id":"https:\/\/ideatsg.com\/fr\/#website"},"datePublished":"2018-08-27T18:26:01+00:00","dateModified":"2021-11-04T10:56:32+00:00","description":"Nos projets sont un exemple du souci du d\u00e9tail que notre \u00e9quipe est en mesure de d\u00e9velopper dans les secteurs de l\u2019ing\u00e9nierie industrielle.","breadcrumb":{"@id":"https:\/\/ideatsg.com\/fr\/projets\/ingenierie-de-projets\/modelisation-bim\/#breadcrumb"},"inLanguage":"fr-FR","potentialAction":[{"@type":"ReadAction","target":["https:\/\/ideatsg.com\/fr\/projets\/ingenierie-de-projets\/modelisation-bim\/"]}]},{"@type":"BreadcrumbList","@id":"https:\/\/ideatsg.com\/fr\/projets\/ingenierie-de-projets\/modelisation-bim\/#breadcrumb","itemListElement":[{"@type":"ListItem","position":1,"name":"Portada","item":"https:\/\/ideatsg.com\/fr\/"},{"@type":"ListItem","position":2,"name":"Projets","item":"https:\/\/ideatsg.com\/fr\/projets\/"},{"@type":"ListItem","position":3,"name":"Ing\u00e9nierie de Projets","item":"https:\/\/ideatsg.com\/fr\/projets\/ingenierie-de-projets\/"},{"@type":"ListItem","position":4,"name":"Mod\u00e9lisation BIM"}]},{"@type":"WebSite","@id":"https:\/\/ideatsg.com\/fr\/#website","url":"https:\/\/ideatsg.com\/fr\/","name":"IDEA TSG","description":"Dise\u00f1o Estructural Avanzado","publisher":{"@id":"https:\/\/ideatsg.com\/fr\/#organization"},"potentialAction":[{"@type":"SearchAction","target":{"@type":"EntryPoint","urlTemplate":"https:\/\/ideatsg.com\/fr\/?s={search_term_string}"},"query-input":{"@type":"PropertyValueSpecification","valueRequired":true,"valueName":"search_term_string"}}],"inLanguage":"fr-FR"},{"@type":"Organization","@id":"https:\/\/ideatsg.com\/fr\/#organization","name":"IDEA TSG","url":"https:\/\/ideatsg.com\/fr\/","logo":{"@type":"ImageObject","inLanguage":"fr-FR","@id":"https:\/\/ideatsg.com\/fr\/#\/schema\/logo\/image\/","url":"https:\/\/ideatsg.com\/wp-content\/uploads\/2021\/10\/idea-ingenieria-logo.png","contentUrl":"https:\/\/ideatsg.com\/wp-content\/uploads\/2021\/10\/idea-ingenieria-logo.png","width":198,"height":41,"caption":"IDEA TSG"},"image":{"@id":"https:\/\/ideatsg.com\/fr\/#\/schema\/logo\/image\/"},"sameAs":["https:\/\/www.facebook.com\/pages\/IDEA_Ingenieria\/128013450698535?fref=ts","https:\/\/www.youtube.com\/user\/ideaingenieria?feature=watch","https:\/\/www.instagram.com\/ideaingenieria\/","https:\/\/www.linkedin.com\/company\/idea-ingenieria"]}]}},"_links":{"self":[{"href":"https:\/\/ideatsg.com\/fr\/wp-json\/wp\/v2\/pages\/45005","targetHints":{"allow":["GET"]}}],"collection":[{"href":"https:\/\/ideatsg.com\/fr\/wp-json\/wp\/v2\/pages"}],"about":[{"href":"https:\/\/ideatsg.com\/fr\/wp-json\/wp\/v2\/types\/page"}],"author":[{"embeddable":true,"href":"https:\/\/ideatsg.com\/fr\/wp-json\/wp\/v2\/users\/1"}],"replies":[{"embeddable":true,"href":"https:\/\/ideatsg.com\/fr\/wp-json\/wp\/v2\/comments?post=45005"}],"version-history":[{"count":0,"href":"https:\/\/ideatsg.com\/fr\/wp-json\/wp\/v2\/pages\/45005\/revisions"}],"up":[{"embeddable":true,"href":"https:\/\/ideatsg.com\/fr\/wp-json\/wp\/v2\/pages\/44993"}],"wp:attachment":[{"href":"https:\/\/ideatsg.com\/fr\/wp-json\/wp\/v2\/media?parent=45005"}],"curies":[{"name":"wp","href":"https:\/\/api.w.org\/{rel}","templated":true}]}}