{"id":44993,"date":"2018-08-27T18:10:57","date_gmt":"2018-08-27T18:10:57","guid":{"rendered":"https:\/\/ideatsg.com\/projets\/ingenierie-de-projets\/"},"modified":"2022-06-30T08:43:49","modified_gmt":"2022-06-30T08:43:49","slug":"ingenierie-de-projets","status":"publish","type":"page","link":"https:\/\/ideatsg.com\/fr\/projets\/ingenierie-de-projets\/","title":{"rendered":"Ing\u00e9nierie de Projets"},"content":{"rendered":"<div class=\"wpb-content-wrapper\"><p>[vc_row type=\u00a0\u00bbvc_default\u00a0\u00bb equal_height=\u00a0\u00bbyes\u00a0\u00bb full_width_row=\u00a0\u00bbtrue\u00a0\u00bb bg_type=\u00a0\u00bbimage\u00a0\u00bb parallax_style=\u00a0\u00bbvcpb-mlvp-jquery\u00a0\u00bb layer_image=\u00a0\u00bb36296,43954&Prime; bg_override=\u00a0\u00bbfull\u00a0\u00bb fadeout_row=\u00a0\u00bbfadeout_row_value\u00a0\u00bb el_class=\u00a0\u00bbsectores\u00a0\u00bb css=\u00a0\u00bb.vc_custom_1656517095436{padding-top: 0px !important;}\u00a0\u00bb][vc_column][vc_row_inner content_placement=\u00a0\u00bbmiddle\u00a0\u00bb css=\u00a0\u00bb.vc_custom_1587730202964{padding-top: 2em !important;padding-bottom: 2em !important;}\u00a0\u00bb][vc_column_inner width=\u00a0\u00bb1\/6&Prime;][\/vc_column_inner][vc_column_inner width=\u00a0\u00bb4\/6&Prime; css=\u00a0\u00bb.vc_custom_1587728345251{padding-top: 1em !important;padding-bottom: 2em !important;}\u00a0\u00bb][vc_empty_space height=\u00a0\u00bb2em\u00a0\u00bb][vc_single_image image=\u00a0\u00bb57070&Prime; img_size=\u00a0\u00bbfull\u00a0\u00bb alignment=\u00a0\u00bbcenter\u00a0\u00bb css_animation=\u00a0\u00bbfadeInUp\u00a0\u00bb lazy_loading=\u00a0\u00bbtrue\u00a0\u00bb]<div id=\"ultimate-heading-399669f13c64d75f4\" class=\"uvc-heading ult-adjust-bottom-margin ultimate-heading-399669f13c64d75f4 uvc-1872 \" data-hspacer=\"no_spacer\"  data-halign=\"center\" style=\"text-align:center\"><div class=\"uvc-heading-spacer no_spacer\" style=\"top\"><\/div><div class=\"uvc-main-heading ult-responsive\"  data-ultimate-target='.uvc-heading.ultimate-heading-399669f13c64d75f4 h1'  data-responsive-json-new='{\"font-size\":\"desktop:40px;\",\"line-height\":\"desktop:50px;\"}' ><h1 style=\"font-family:&#039;Montserrat&#039;;font-weight:600;color:#ffffff;margin-bottom:0.5em;\">Ing\u00e9nierie de Projets<\/h1><\/div><div class=\"uvc-sub-heading ult-responsive\"  data-ultimate-target='.uvc-heading.ultimate-heading-399669f13c64d75f4 .uvc-sub-heading '  data-responsive-json-new='{\"font-size\":\"desktop:16px;tablet_portrait:14px;mobile_landscape:14px;mobile:14px;\",\"line-height\":\"desktop:26px;tablet_portrait:24px;mobile_landscape:24px;mobile:24px;\"}'  style=\"font-family:&#039;Montserrat&#039;;font-weight:300;color:#ffffff;margin-bottom:2em;\">Nous allions le savoir-faire et l\u2019attention au d\u00e9tail au progr\u00e8s technologique que repr\u00e9sente la mod\u00e9lisation en 3D, \u00e9galant ainsi la qualit\u00e9 de travail de toujours, tout en \u00e9liminant les erreurs et en r\u00e9duisant le temps employ\u00e9.<\/div><\/div><div class=\" vc_custom_1656517242907 ubtn-ctn-center \"><a class=\"ubtn-link ult-adjust-bottom-margin ubtn-center ubtn-small \" href=\"https:\/\/ideatsg.com\/fr\/services\/ingenierie-de-projets\/\" title=\"Ing\u00e9nierie de Projets\" ><button type=\"button\" id=\"ubtn-3961\"  class=\"ubtn ult-adjust-bottom-margin ult-responsive ubtn-small ubtn-no-hover-bg  none  ubtn-center   tooltip-69f13c64d76c0\"  data-hover=\"#f6303e\" data-border-color=\"\" data-bg=\"#f6303e\" data-hover-bg=\"#ffffff\" data-border-hover=\"\" data-shadow-hover=\"\" data-shadow-click=\"none\" data-shadow=\"\" data-shd-shadow=\"\"  data-ultimate-target='#ubtn-3961'  data-responsive-json-new='{\"font-size\":\"desktop:14px;\",\"line-height\":\"desktop:24px;\"}'  style=\"font-family:&#039;Montserrat&#039;;font-weight:700;border:none;background: #f6303e;color: #ffffff;\"><span class=\"ubtn-hover\" style=\"background-color:#ffffff\"><\/span><span class=\"ubtn-data ubtn-text \" >SERVICE D&#039;ING\u00c9NIERIE DE PROJET<\/span><\/button><\/a><\/div>[vc_empty_space height=\u00a0\u00bb4em\u00a0\u00bb][\/vc_column_inner][vc_column_inner width=\u00a0\u00bb1\/6&Prime;][\/vc_column_inner][\/vc_row_inner][\/vc_column][\/vc_row]<\/p>\n<\/div>","protected":false},"excerpt":{"rendered":"<p>[vc_row type=\u00a0\u00bbvc_default\u00a0\u00bb equal_height=\u00a0\u00bbyes\u00a0\u00bb full_width_row=\u00a0\u00bbtrue\u00a0\u00bb bg_type=\u00a0\u00bbimage\u00a0\u00bb parallax_style=\u00a0\u00bbvcpb-mlvp-jquery\u00a0\u00bb layer_image=\u00a0\u00bb36296,43954&Prime; bg_override=\u00a0\u00bbfull\u00a0\u00bb fadeout_row=\u00a0\u00bbfadeout_row_value\u00a0\u00bb el_class=\u00a0\u00bbsectores\u00a0\u00bb css=\u00a0\u00bb.vc_custom_1656517095436{padding-top: 0px !important;}\u00a0\u00bb][vc_column][vc_row_inner content_placement=\u00a0\u00bbmiddle\u00a0\u00bb css=\u00a0\u00bb.vc_custom_1587730202964{padding-top: 2em !important;padding-bottom: 2em !important;}\u00a0\u00bb][vc_column_inner width=\u00a0\u00bb1\/6&Prime;][\/vc_column_inner][vc_column_inner width=\u00a0\u00bb4\/6&Prime; css=\u00a0\u00bb.vc_custom_1587728345251{padding-top: 1em !important;padding-bottom: 2em !important;}\u00a0\u00bb][vc_empty_space height=\u00a0\u00bb2em\u00a0\u00bb][vc_single_image image=\u00a0\u00bb57070&Prime; img_size=\u00a0\u00bbfull\u00a0\u00bb alignment=\u00a0\u00bbcenter\u00a0\u00bb css_animation=\u00a0\u00bbfadeInUp\u00a0\u00bb lazy_loading=\u00a0\u00bbtrue\u00a0\u00bb][vc_empty_space height=\u00a0\u00bb4em\u00a0\u00bb][\/vc_column_inner][vc_column_inner width=\u00a0\u00bb1\/6&Prime;][\/vc_column_inner][\/vc_row_inner][\/vc_column][\/vc_row]<\/p>\n","protected":false},"author":1,"featured_media":57070,"parent":44961,"menu_order":60,"comment_status":"closed","ping_status":"closed","template":"template-portfolio-masonry.php","meta":{"footnotes":""},"class_list":["post-44993","page","type-page","status-publish","has-post-thumbnail","hentry","description-off"],"yoast_head":"<!-- This site is optimized with the Yoast SEO plugin v27.4 - https:\/\/yoast.com\/product\/yoast-seo-wordpress\/ -->\n<title>Projets d&#039;ing\u00e9nierie | IDEA Ingenier\u00eda<\/title>\n<meta name=\"description\" content=\"Nos projets sont un exemple du souci du d\u00e9tail que notre \u00e9quipe est en mesure de d\u00e9velopper dans les secteurs de l\u2019ing\u00e9nierie industrielle.\" \/>\n<meta name=\"robots\" content=\"index, follow, max-snippet:-1, max-image-preview:large, max-video-preview:-1\" \/>\n<link rel=\"canonical\" href=\"https:\/\/ideatsg.com\/fr\/projets\/ingenierie-de-projets\/\" \/>\n<meta property=\"og:locale\" content=\"fr_FR\" \/>\n<meta property=\"og:type\" content=\"article\" \/>\n<meta property=\"og:title\" content=\"Projets d&#039;ing\u00e9nierie | IDEA Ingenier\u00eda\" \/>\n<meta property=\"og:description\" content=\"Nos projets sont un exemple du souci du d\u00e9tail que notre \u00e9quipe est en mesure de d\u00e9velopper dans les secteurs de l\u2019ing\u00e9nierie industrielle.\" \/>\n<meta property=\"og:url\" content=\"https:\/\/ideatsg.com\/fr\/projets\/ingenierie-de-projets\/\" \/>\n<meta property=\"og:site_name\" content=\"IDEA TSG\" \/>\n<meta property=\"article:publisher\" content=\"https:\/\/www.facebook.com\/pages\/IDEA_Ingenieria\/128013450698535?fref=ts\" \/>\n<meta property=\"article:modified_time\" content=\"2022-06-30T08:43:49+00:00\" \/>\n<meta property=\"og:image\" content=\"https:\/\/ideatsg.com\/wp-content\/uploads\/2021\/09\/ingenieria-de-proyectos-ico.jpg\" \/>\n\t<meta property=\"og:image:width\" content=\"116\" \/>\n\t<meta property=\"og:image:height\" content=\"116\" \/>\n\t<meta property=\"og:image:type\" content=\"image\/jpeg\" \/>\n<meta name=\"twitter:card\" content=\"summary_large_image\" \/>\n<meta name=\"twitter:label1\" content=\"Dur\u00e9e de lecture estim\u00e9e\" \/>\n\t<meta name=\"twitter:data1\" content=\"2 minutes\" \/>\n<script type=\"application\/ld+json\" class=\"yoast-schema-graph\">{\"@context\":\"https:\\\/\\\/schema.org\",\"@graph\":[{\"@type\":\"WebPage\",\"@id\":\"https:\\\/\\\/ideatsg.com\\\/fr\\\/projets\\\/ingenierie-de-projets\\\/\",\"url\":\"https:\\\/\\\/ideatsg.com\\\/fr\\\/projets\\\/ingenierie-de-projets\\\/\",\"name\":\"Projets d'ing\u00e9nierie | IDEA Ingenier\u00eda\",\"isPartOf\":{\"@id\":\"https:\\\/\\\/ideatsg.com\\\/fr\\\/#website\"},\"primaryImageOfPage\":{\"@id\":\"https:\\\/\\\/ideatsg.com\\\/fr\\\/projets\\\/ingenierie-de-projets\\\/#primaryimage\"},\"image\":{\"@id\":\"https:\\\/\\\/ideatsg.com\\\/fr\\\/projets\\\/ingenierie-de-projets\\\/#primaryimage\"},\"thumbnailUrl\":\"https:\\\/\\\/ideatsg.com\\\/wp-content\\\/uploads\\\/2021\\\/09\\\/ingenieria-de-proyectos-ico.jpg\",\"datePublished\":\"2018-08-27T18:10:57+00:00\",\"dateModified\":\"2022-06-30T08:43:49+00:00\",\"description\":\"Nos projets sont un exemple du souci du d\u00e9tail que notre \u00e9quipe est en mesure de d\u00e9velopper dans les secteurs de l\u2019ing\u00e9nierie industrielle.\",\"breadcrumb\":{\"@id\":\"https:\\\/\\\/ideatsg.com\\\/fr\\\/projets\\\/ingenierie-de-projets\\\/#breadcrumb\"},\"inLanguage\":\"fr-FR\",\"potentialAction\":[{\"@type\":\"ReadAction\",\"target\":[\"https:\\\/\\\/ideatsg.com\\\/fr\\\/projets\\\/ingenierie-de-projets\\\/\"]}]},{\"@type\":\"ImageObject\",\"inLanguage\":\"fr-FR\",\"@id\":\"https:\\\/\\\/ideatsg.com\\\/fr\\\/projets\\\/ingenierie-de-projets\\\/#primaryimage\",\"url\":\"https:\\\/\\\/ideatsg.com\\\/wp-content\\\/uploads\\\/2021\\\/09\\\/ingenieria-de-proyectos-ico.jpg\",\"contentUrl\":\"https:\\\/\\\/ideatsg.com\\\/wp-content\\\/uploads\\\/2021\\\/09\\\/ingenieria-de-proyectos-ico.jpg\",\"width\":116,\"height\":116,\"caption\":\"Ingenier\u00eda de Proyectos\"},{\"@type\":\"BreadcrumbList\",\"@id\":\"https:\\\/\\\/ideatsg.com\\\/fr\\\/projets\\\/ingenierie-de-projets\\\/#breadcrumb\",\"itemListElement\":[{\"@type\":\"ListItem\",\"position\":1,\"name\":\"Portada\",\"item\":\"https:\\\/\\\/ideatsg.com\\\/fr\\\/\"},{\"@type\":\"ListItem\",\"position\":2,\"name\":\"Projets\",\"item\":\"https:\\\/\\\/ideatsg.com\\\/fr\\\/projets\\\/\"},{\"@type\":\"ListItem\",\"position\":3,\"name\":\"Ing\u00e9nierie de Projets\"}]},{\"@type\":\"WebSite\",\"@id\":\"https:\\\/\\\/ideatsg.com\\\/fr\\\/#website\",\"url\":\"https:\\\/\\\/ideatsg.com\\\/fr\\\/\",\"name\":\"IDEA TSG\",\"description\":\"Dise\u00f1o Estructural Avanzado\",\"publisher\":{\"@id\":\"https:\\\/\\\/ideatsg.com\\\/fr\\\/#organization\"},\"potentialAction\":[{\"@type\":\"SearchAction\",\"target\":{\"@type\":\"EntryPoint\",\"urlTemplate\":\"https:\\\/\\\/ideatsg.com\\\/fr\\\/?s={search_term_string}\"},\"query-input\":{\"@type\":\"PropertyValueSpecification\",\"valueRequired\":true,\"valueName\":\"search_term_string\"}}],\"inLanguage\":\"fr-FR\"},{\"@type\":\"Organization\",\"@id\":\"https:\\\/\\\/ideatsg.com\\\/fr\\\/#organization\",\"name\":\"IDEA TSG\",\"url\":\"https:\\\/\\\/ideatsg.com\\\/fr\\\/\",\"logo\":{\"@type\":\"ImageObject\",\"inLanguage\":\"fr-FR\",\"@id\":\"https:\\\/\\\/ideatsg.com\\\/fr\\\/#\\\/schema\\\/logo\\\/image\\\/\",\"url\":\"https:\\\/\\\/ideatsg.com\\\/wp-content\\\/uploads\\\/2021\\\/10\\\/idea-ingenieria-logo.png\",\"contentUrl\":\"https:\\\/\\\/ideatsg.com\\\/wp-content\\\/uploads\\\/2021\\\/10\\\/idea-ingenieria-logo.png\",\"width\":198,\"height\":41,\"caption\":\"IDEA TSG\"},\"image\":{\"@id\":\"https:\\\/\\\/ideatsg.com\\\/fr\\\/#\\\/schema\\\/logo\\\/image\\\/\"},\"sameAs\":[\"https:\\\/\\\/www.facebook.com\\\/pages\\\/IDEA_Ingenieria\\\/128013450698535?fref=ts\",\"https:\\\/\\\/www.youtube.com\\\/user\\\/ideaingenieria?feature=watch\",\"https:\\\/\\\/www.instagram.com\\\/ideaingenieria\\\/\",\"https:\\\/\\\/www.linkedin.com\\\/company\\\/idea-ingenieria\"]}]}<\/script>\n<!-- \/ Yoast SEO plugin. -->","yoast_head_json":{"title":"Projets d'ing\u00e9nierie | IDEA Ingenier\u00eda","description":"Nos projets sont un exemple du souci du d\u00e9tail que notre \u00e9quipe est en mesure de d\u00e9velopper dans les secteurs de l\u2019ing\u00e9nierie industrielle.","robots":{"index":"index","follow":"follow","max-snippet":"max-snippet:-1","max-image-preview":"max-image-preview:large","max-video-preview":"max-video-preview:-1"},"canonical":"https:\/\/ideatsg.com\/fr\/projets\/ingenierie-de-projets\/","og_locale":"fr_FR","og_type":"article","og_title":"Projets d'ing\u00e9nierie | IDEA Ingenier\u00eda","og_description":"Nos projets sont un exemple du souci du d\u00e9tail que notre \u00e9quipe est en mesure de d\u00e9velopper dans les secteurs de l\u2019ing\u00e9nierie industrielle.","og_url":"https:\/\/ideatsg.com\/fr\/projets\/ingenierie-de-projets\/","og_site_name":"IDEA TSG","article_publisher":"https:\/\/www.facebook.com\/pages\/IDEA_Ingenieria\/128013450698535?fref=ts","article_modified_time":"2022-06-30T08:43:49+00:00","og_image":[{"width":116,"height":116,"url":"https:\/\/ideatsg.com\/wp-content\/uploads\/2021\/09\/ingenieria-de-proyectos-ico.jpg","type":"image\/jpeg"}],"twitter_card":"summary_large_image","twitter_misc":{"Dur\u00e9e de lecture estim\u00e9e":"2 minutes"},"schema":{"@context":"https:\/\/schema.org","@graph":[{"@type":"WebPage","@id":"https:\/\/ideatsg.com\/fr\/projets\/ingenierie-de-projets\/","url":"https:\/\/ideatsg.com\/fr\/projets\/ingenierie-de-projets\/","name":"Projets d'ing\u00e9nierie | IDEA Ingenier\u00eda","isPartOf":{"@id":"https:\/\/ideatsg.com\/fr\/#website"},"primaryImageOfPage":{"@id":"https:\/\/ideatsg.com\/fr\/projets\/ingenierie-de-projets\/#primaryimage"},"image":{"@id":"https:\/\/ideatsg.com\/fr\/projets\/ingenierie-de-projets\/#primaryimage"},"thumbnailUrl":"https:\/\/ideatsg.com\/wp-content\/uploads\/2021\/09\/ingenieria-de-proyectos-ico.jpg","datePublished":"2018-08-27T18:10:57+00:00","dateModified":"2022-06-30T08:43:49+00:00","description":"Nos projets sont un exemple du souci du d\u00e9tail que notre \u00e9quipe est en mesure de d\u00e9velopper dans les secteurs de l\u2019ing\u00e9nierie industrielle.","breadcrumb":{"@id":"https:\/\/ideatsg.com\/fr\/projets\/ingenierie-de-projets\/#breadcrumb"},"inLanguage":"fr-FR","potentialAction":[{"@type":"ReadAction","target":["https:\/\/ideatsg.com\/fr\/projets\/ingenierie-de-projets\/"]}]},{"@type":"ImageObject","inLanguage":"fr-FR","@id":"https:\/\/ideatsg.com\/fr\/projets\/ingenierie-de-projets\/#primaryimage","url":"https:\/\/ideatsg.com\/wp-content\/uploads\/2021\/09\/ingenieria-de-proyectos-ico.jpg","contentUrl":"https:\/\/ideatsg.com\/wp-content\/uploads\/2021\/09\/ingenieria-de-proyectos-ico.jpg","width":116,"height":116,"caption":"Ingenier\u00eda de Proyectos"},{"@type":"BreadcrumbList","@id":"https:\/\/ideatsg.com\/fr\/projets\/ingenierie-de-projets\/#breadcrumb","itemListElement":[{"@type":"ListItem","position":1,"name":"Portada","item":"https:\/\/ideatsg.com\/fr\/"},{"@type":"ListItem","position":2,"name":"Projets","item":"https:\/\/ideatsg.com\/fr\/projets\/"},{"@type":"ListItem","position":3,"name":"Ing\u00e9nierie de Projets"}]},{"@type":"WebSite","@id":"https:\/\/ideatsg.com\/fr\/#website","url":"https:\/\/ideatsg.com\/fr\/","name":"IDEA TSG","description":"Dise\u00f1o Estructural Avanzado","publisher":{"@id":"https:\/\/ideatsg.com\/fr\/#organization"},"potentialAction":[{"@type":"SearchAction","target":{"@type":"EntryPoint","urlTemplate":"https:\/\/ideatsg.com\/fr\/?s={search_term_string}"},"query-input":{"@type":"PropertyValueSpecification","valueRequired":true,"valueName":"search_term_string"}}],"inLanguage":"fr-FR"},{"@type":"Organization","@id":"https:\/\/ideatsg.com\/fr\/#organization","name":"IDEA TSG","url":"https:\/\/ideatsg.com\/fr\/","logo":{"@type":"ImageObject","inLanguage":"fr-FR","@id":"https:\/\/ideatsg.com\/fr\/#\/schema\/logo\/image\/","url":"https:\/\/ideatsg.com\/wp-content\/uploads\/2021\/10\/idea-ingenieria-logo.png","contentUrl":"https:\/\/ideatsg.com\/wp-content\/uploads\/2021\/10\/idea-ingenieria-logo.png","width":198,"height":41,"caption":"IDEA TSG"},"image":{"@id":"https:\/\/ideatsg.com\/fr\/#\/schema\/logo\/image\/"},"sameAs":["https:\/\/www.facebook.com\/pages\/IDEA_Ingenieria\/128013450698535?fref=ts","https:\/\/www.youtube.com\/user\/ideaingenieria?feature=watch","https:\/\/www.instagram.com\/ideaingenieria\/","https:\/\/www.linkedin.com\/company\/idea-ingenieria"]}]}},"_links":{"self":[{"href":"https:\/\/ideatsg.com\/fr\/wp-json\/wp\/v2\/pages\/44993","targetHints":{"allow":["GET"]}}],"collection":[{"href":"https:\/\/ideatsg.com\/fr\/wp-json\/wp\/v2\/pages"}],"about":[{"href":"https:\/\/ideatsg.com\/fr\/wp-json\/wp\/v2\/types\/page"}],"author":[{"embeddable":true,"href":"https:\/\/ideatsg.com\/fr\/wp-json\/wp\/v2\/users\/1"}],"replies":[{"embeddable":true,"href":"https:\/\/ideatsg.com\/fr\/wp-json\/wp\/v2\/comments?post=44993"}],"version-history":[{"count":0,"href":"https:\/\/ideatsg.com\/fr\/wp-json\/wp\/v2\/pages\/44993\/revisions"}],"up":[{"embeddable":true,"href":"https:\/\/ideatsg.com\/fr\/wp-json\/wp\/v2\/pages\/44961"}],"wp:featuredmedia":[{"embeddable":true,"href":"https:\/\/ideatsg.com\/fr\/wp-json\/wp\/v2\/media\/57070"}],"wp:attachment":[{"href":"https:\/\/ideatsg.com\/fr\/wp-json\/wp\/v2\/media?parent=44993"}],"curies":[{"name":"wp","href":"https:\/\/api.w.org\/{rel}","templated":true}]}}