{"id":44991,"date":"2018-08-27T18:08:12","date_gmt":"2018-08-27T18:08:12","guid":{"rendered":"https:\/\/ideatsg.com\/projets\/transformation-digitale\/"},"modified":"2025-07-16T10:36:42","modified_gmt":"2025-07-16T10:36:42","slug":"transformation-digitale","status":"publish","type":"page","link":"https:\/\/ideatsg.com\/fr\/projets\/transformation-digitale\/","title":{"rendered":"Transformation Digitale"},"content":{"rendered":"<div class=\"wpb-content-wrapper\"><p>[vc_row type=\u00a0\u00bbvc_default\u00a0\u00bb equal_height=\u00a0\u00bbyes\u00a0\u00bb full_width_row=\u00a0\u00bbtrue\u00a0\u00bb bg_type=\u00a0\u00bbimage\u00a0\u00bb parallax_style=\u00a0\u00bbvcpb-mlvp-jquery\u00a0\u00bb layer_image=\u00a0\u00bb36296,58957&Prime; bg_override=\u00a0\u00bbfull\u00a0\u00bb fadeout_row=\u00a0\u00bbfadeout_row_value\u00a0\u00bb el_class=\u00a0\u00bbsectores\u00a0\u00bb css=\u00a0\u00bb.vc_custom_1656521374337{padding-top: 0px !important;}\u00a0\u00bb][vc_column][vc_row_inner content_placement=\u00a0\u00bbmiddle\u00a0\u00bb css=\u00a0\u00bb.vc_custom_1587730202964{padding-top: 2em !important;padding-bottom: 2em !important;}\u00a0\u00bb][vc_column_inner width=\u00a0\u00bb1\/6&Prime;][\/vc_column_inner][vc_column_inner width=\u00a0\u00bb4\/6&Prime; css=\u00a0\u00bb.vc_custom_1587728345251{padding-top: 1em !important;padding-bottom: 2em !important;}\u00a0\u00bb][vc_empty_space height=\u00a0\u00bb2em\u00a0\u00bb][vc_single_image image=\u00a0\u00bb57082&Prime; img_size=\u00a0\u00bbfull\u00a0\u00bb alignment=\u00a0\u00bbcenter\u00a0\u00bb css_animation=\u00a0\u00bbfadeInUp\u00a0\u00bb lazy_loading=\u00a0\u00bbtrue\u00a0\u00bb]<div id=\"ultimate-heading-338669f125354e32d\" class=\"uvc-heading ult-adjust-bottom-margin ultimate-heading-338669f125354e32d uvc-3981 \" data-hspacer=\"no_spacer\"  data-halign=\"center\" style=\"text-align:center\"><div class=\"uvc-heading-spacer no_spacer\" style=\"top\"><\/div><div class=\"uvc-main-heading ult-responsive\"  data-ultimate-target='.uvc-heading.ultimate-heading-338669f125354e32d h1'  data-responsive-json-new='{\"font-size\":\"desktop:40px;\",\"line-height\":\"desktop:50px;\"}' ><h1 style=\"font-family:&#039;Montserrat&#039;;font-weight:600;color:#ffffff;margin-bottom:0.5em;\">Projets de Transformation Num\u00e9rique 4.0<\/h1><\/div><div class=\"uvc-sub-heading ult-responsive\"  data-ultimate-target='.uvc-heading.ultimate-heading-338669f125354e32d .uvc-sub-heading '  data-responsive-json-new='{\"font-size\":\"desktop:16px;tablet_portrait:14px;mobile_landscape:14px;mobile:14px;\",\"line-height\":\"desktop:26px;tablet_portrait:24px;mobile_landscape:24px;mobile:24px;\"}'  style=\"font-family:&#039;Montserrat&#039;;font-weight:300;color:#ffffff;margin-bottom:2em;\">IDEA offre la technologie de derni\u00e8re g\u00e9n\u00e9ration pour la gestion et la maintenance d\u2019installations industrielles. Elle a recours aux m\u00e9thodes de R\u00e9alit\u00e9 augment\u00e9e et virtuelle pour connecter le SCADA de l\u2019installation avec les op\u00e9rateurs. Fabrication additive 3D pour pi\u00e8ces de rechange. Nuage de points pour scannage d\u2019objets r\u00e9els. Drones pour l\u2019inspection d\u2019installations industrielles.<\/div><\/div><div class=\" vc_custom_1752662198061 ubtn-ctn-center \"><a class=\"ubtn-link ult-adjust-bottom-margin ubtn-center ubtn-small \" href=\"https:\/\/ideatsg.com\/fr\/services\/transformation-digitale\/\" title=\"Transformation Digitale\" ><button type=\"button\" id=\"ubtn-4230\"  class=\"ubtn ult-adjust-bottom-margin ult-responsive ubtn-small ubtn-no-hover-bg  none  ubtn-center   tooltip-69f125354e3f6\"  data-hover=\"#f6303e\" data-border-color=\"\" data-bg=\"#f6303e\" data-hover-bg=\"#ffffff\" data-border-hover=\"\" data-shadow-hover=\"\" data-shadow-click=\"none\" data-shadow=\"\" data-shd-shadow=\"\"  data-ultimate-target='#ubtn-4230'  data-responsive-json-new='{\"font-size\":\"desktop:14px;\",\"line-height\":\"desktop:24px;\"}'  style=\"font-family:&#039;Montserrat&#039;;font-weight:700;border:none;background: #f6303e;color: #ffffff;\"><span class=\"ubtn-hover\" style=\"background-color:#ffffff\"><\/span><span class=\"ubtn-data ubtn-text \" >SERVICE DE TRANSFORMACI\u00d3N NUM\u00c9RIQUE 4.0<\/span><\/button><\/a><\/div>[vc_empty_space height=\u00a0\u00bb4em\u00a0\u00bb][\/vc_column_inner][vc_column_inner width=\u00a0\u00bb1\/6&Prime;][\/vc_column_inner][\/vc_row_inner][\/vc_column][\/vc_row]<\/p>\n<\/div>","protected":false},"excerpt":{"rendered":"<p>[vc_row type=\u00a0\u00bbvc_default\u00a0\u00bb equal_height=\u00a0\u00bbyes\u00a0\u00bb full_width_row=\u00a0\u00bbtrue\u00a0\u00bb bg_type=\u00a0\u00bbimage\u00a0\u00bb parallax_style=\u00a0\u00bbvcpb-mlvp-jquery\u00a0\u00bb layer_image=\u00a0\u00bb36296,58957&Prime; bg_override=\u00a0\u00bbfull\u00a0\u00bb fadeout_row=\u00a0\u00bbfadeout_row_value\u00a0\u00bb el_class=\u00a0\u00bbsectores\u00a0\u00bb css=\u00a0\u00bb.vc_custom_1656521374337{padding-top: 0px !important;}\u00a0\u00bb][vc_column][vc_row_inner content_placement=\u00a0\u00bbmiddle\u00a0\u00bb css=\u00a0\u00bb.vc_custom_1587730202964{padding-top: 2em !important;padding-bottom: 2em !important;}\u00a0\u00bb][vc_column_inner width=\u00a0\u00bb1\/6&Prime;][\/vc_column_inner][vc_column_inner width=\u00a0\u00bb4\/6&Prime; css=\u00a0\u00bb.vc_custom_1587728345251{padding-top: 1em !important;padding-bottom: 2em !important;}\u00a0\u00bb][vc_empty_space height=\u00a0\u00bb2em\u00a0\u00bb][vc_single_image image=\u00a0\u00bb57082&Prime; img_size=\u00a0\u00bbfull\u00a0\u00bb alignment=\u00a0\u00bbcenter\u00a0\u00bb css_animation=\u00a0\u00bbfadeInUp\u00a0\u00bb lazy_loading=\u00a0\u00bbtrue\u00a0\u00bb][vc_empty_space height=\u00a0\u00bb4em\u00a0\u00bb][\/vc_column_inner][vc_column_inner width=\u00a0\u00bb1\/6&Prime;][\/vc_column_inner][\/vc_row_inner][\/vc_column][\/vc_row]<\/p>\n","protected":false},"author":1,"featured_media":57082,"parent":44961,"menu_order":60,"comment_status":"closed","ping_status":"closed","template":"template-portfolio-masonry.php","meta":{"footnotes":""},"class_list":["post-44991","page","type-page","status-publish","has-post-thumbnail","hentry","description-off"],"yoast_head":"<!-- This site is optimized with the Yoast SEO plugin v27.4 - https:\/\/yoast.com\/product\/yoast-seo-wordpress\/ -->\n<title>Transformation Digitale - IDEA TSG<\/title>\n<meta name=\"description\" content=\"Nos projets sont un exemple du souci du d\u00e9tail que notre \u00e9quipe est en mesure de d\u00e9velopper dans les secteurs de l\u2019ing\u00e9nierie industrielle.\" \/>\n<meta name=\"robots\" content=\"index, follow, max-snippet:-1, max-image-preview:large, max-video-preview:-1\" \/>\n<link rel=\"canonical\" href=\"https:\/\/ideatsg.com\/fr\/projets\/transformation-digitale\/\" \/>\n<meta property=\"og:locale\" content=\"fr_FR\" \/>\n<meta property=\"og:type\" content=\"article\" \/>\n<meta property=\"og:title\" content=\"Transformation Digitale - IDEA TSG\" \/>\n<meta property=\"og:description\" content=\"Nos projets sont un exemple du souci du d\u00e9tail que notre \u00e9quipe est en mesure de d\u00e9velopper dans les secteurs de l\u2019ing\u00e9nierie industrielle.\" \/>\n<meta property=\"og:url\" content=\"https:\/\/ideatsg.com\/fr\/projets\/transformation-digitale\/\" \/>\n<meta property=\"og:site_name\" content=\"IDEA TSG\" \/>\n<meta property=\"article:publisher\" content=\"https:\/\/www.facebook.com\/pages\/IDEA_Ingenieria\/128013450698535?fref=ts\" \/>\n<meta property=\"article:modified_time\" content=\"2025-07-16T10:36:42+00:00\" \/>\n<meta property=\"og:image\" content=\"https:\/\/ideatsg.com\/wp-content\/uploads\/2021\/09\/transformacion-digital-ico.jpg\" \/>\n\t<meta property=\"og:image:width\" content=\"116\" \/>\n\t<meta property=\"og:image:height\" content=\"116\" \/>\n\t<meta property=\"og:image:type\" content=\"image\/jpeg\" \/>\n<meta name=\"twitter:card\" content=\"summary_large_image\" \/>\n<meta name=\"twitter:label1\" content=\"Dur\u00e9e de lecture estim\u00e9e\" \/>\n\t<meta name=\"twitter:data1\" content=\"1 minute\" \/>\n<script type=\"application\/ld+json\" class=\"yoast-schema-graph\">{\"@context\":\"https:\\\/\\\/schema.org\",\"@graph\":[{\"@type\":\"WebPage\",\"@id\":\"https:\\\/\\\/ideatsg.com\\\/fr\\\/projets\\\/transformation-digitale\\\/\",\"url\":\"https:\\\/\\\/ideatsg.com\\\/fr\\\/projets\\\/transformation-digitale\\\/\",\"name\":\"Transformation Digitale - IDEA TSG\",\"isPartOf\":{\"@id\":\"https:\\\/\\\/ideatsg.com\\\/fr\\\/#website\"},\"primaryImageOfPage\":{\"@id\":\"https:\\\/\\\/ideatsg.com\\\/fr\\\/projets\\\/transformation-digitale\\\/#primaryimage\"},\"image\":{\"@id\":\"https:\\\/\\\/ideatsg.com\\\/fr\\\/projets\\\/transformation-digitale\\\/#primaryimage\"},\"thumbnailUrl\":\"https:\\\/\\\/ideatsg.com\\\/wp-content\\\/uploads\\\/2021\\\/09\\\/transformacion-digital-ico.jpg\",\"datePublished\":\"2018-08-27T18:08:12+00:00\",\"dateModified\":\"2025-07-16T10:36:42+00:00\",\"description\":\"Nos projets sont un exemple du souci du d\u00e9tail que notre \u00e9quipe est en mesure de d\u00e9velopper dans les secteurs de l\u2019ing\u00e9nierie industrielle.\",\"breadcrumb\":{\"@id\":\"https:\\\/\\\/ideatsg.com\\\/fr\\\/projets\\\/transformation-digitale\\\/#breadcrumb\"},\"inLanguage\":\"fr-FR\",\"potentialAction\":[{\"@type\":\"ReadAction\",\"target\":[\"https:\\\/\\\/ideatsg.com\\\/fr\\\/projets\\\/transformation-digitale\\\/\"]}]},{\"@type\":\"ImageObject\",\"inLanguage\":\"fr-FR\",\"@id\":\"https:\\\/\\\/ideatsg.com\\\/fr\\\/projets\\\/transformation-digitale\\\/#primaryimage\",\"url\":\"https:\\\/\\\/ideatsg.com\\\/wp-content\\\/uploads\\\/2021\\\/09\\\/transformacion-digital-ico.jpg\",\"contentUrl\":\"https:\\\/\\\/ideatsg.com\\\/wp-content\\\/uploads\\\/2021\\\/09\\\/transformacion-digital-ico.jpg\",\"width\":116,\"height\":116,\"caption\":\"Transformaci\u00f3n Digital\"},{\"@type\":\"BreadcrumbList\",\"@id\":\"https:\\\/\\\/ideatsg.com\\\/fr\\\/projets\\\/transformation-digitale\\\/#breadcrumb\",\"itemListElement\":[{\"@type\":\"ListItem\",\"position\":1,\"name\":\"Portada\",\"item\":\"https:\\\/\\\/ideatsg.com\\\/fr\\\/\"},{\"@type\":\"ListItem\",\"position\":2,\"name\":\"Projets\",\"item\":\"https:\\\/\\\/ideatsg.com\\\/fr\\\/projets\\\/\"},{\"@type\":\"ListItem\",\"position\":3,\"name\":\"Transformation Digitale\"}]},{\"@type\":\"WebSite\",\"@id\":\"https:\\\/\\\/ideatsg.com\\\/fr\\\/#website\",\"url\":\"https:\\\/\\\/ideatsg.com\\\/fr\\\/\",\"name\":\"IDEA TSG\",\"description\":\"Dise\u00f1o Estructural Avanzado\",\"publisher\":{\"@id\":\"https:\\\/\\\/ideatsg.com\\\/fr\\\/#organization\"},\"potentialAction\":[{\"@type\":\"SearchAction\",\"target\":{\"@type\":\"EntryPoint\",\"urlTemplate\":\"https:\\\/\\\/ideatsg.com\\\/fr\\\/?s={search_term_string}\"},\"query-input\":{\"@type\":\"PropertyValueSpecification\",\"valueRequired\":true,\"valueName\":\"search_term_string\"}}],\"inLanguage\":\"fr-FR\"},{\"@type\":\"Organization\",\"@id\":\"https:\\\/\\\/ideatsg.com\\\/fr\\\/#organization\",\"name\":\"IDEA TSG\",\"url\":\"https:\\\/\\\/ideatsg.com\\\/fr\\\/\",\"logo\":{\"@type\":\"ImageObject\",\"inLanguage\":\"fr-FR\",\"@id\":\"https:\\\/\\\/ideatsg.com\\\/fr\\\/#\\\/schema\\\/logo\\\/image\\\/\",\"url\":\"https:\\\/\\\/ideatsg.com\\\/wp-content\\\/uploads\\\/2021\\\/10\\\/idea-ingenieria-logo.png\",\"contentUrl\":\"https:\\\/\\\/ideatsg.com\\\/wp-content\\\/uploads\\\/2021\\\/10\\\/idea-ingenieria-logo.png\",\"width\":198,\"height\":41,\"caption\":\"IDEA TSG\"},\"image\":{\"@id\":\"https:\\\/\\\/ideatsg.com\\\/fr\\\/#\\\/schema\\\/logo\\\/image\\\/\"},\"sameAs\":[\"https:\\\/\\\/www.facebook.com\\\/pages\\\/IDEA_Ingenieria\\\/128013450698535?fref=ts\",\"https:\\\/\\\/www.youtube.com\\\/user\\\/ideaingenieria?feature=watch\",\"https:\\\/\\\/www.instagram.com\\\/ideaingenieria\\\/\",\"https:\\\/\\\/www.linkedin.com\\\/company\\\/idea-ingenieria\"]}]}<\/script>\n<!-- \/ Yoast SEO plugin. -->","yoast_head_json":{"title":"Transformation Digitale - IDEA TSG","description":"Nos projets sont un exemple du souci du d\u00e9tail que notre \u00e9quipe est en mesure de d\u00e9velopper dans les secteurs de l\u2019ing\u00e9nierie industrielle.","robots":{"index":"index","follow":"follow","max-snippet":"max-snippet:-1","max-image-preview":"max-image-preview:large","max-video-preview":"max-video-preview:-1"},"canonical":"https:\/\/ideatsg.com\/fr\/projets\/transformation-digitale\/","og_locale":"fr_FR","og_type":"article","og_title":"Transformation Digitale - IDEA TSG","og_description":"Nos projets sont un exemple du souci du d\u00e9tail que notre \u00e9quipe est en mesure de d\u00e9velopper dans les secteurs de l\u2019ing\u00e9nierie industrielle.","og_url":"https:\/\/ideatsg.com\/fr\/projets\/transformation-digitale\/","og_site_name":"IDEA TSG","article_publisher":"https:\/\/www.facebook.com\/pages\/IDEA_Ingenieria\/128013450698535?fref=ts","article_modified_time":"2025-07-16T10:36:42+00:00","og_image":[{"width":116,"height":116,"url":"https:\/\/ideatsg.com\/wp-content\/uploads\/2021\/09\/transformacion-digital-ico.jpg","type":"image\/jpeg"}],"twitter_card":"summary_large_image","twitter_misc":{"Dur\u00e9e de lecture estim\u00e9e":"1 minute"},"schema":{"@context":"https:\/\/schema.org","@graph":[{"@type":"WebPage","@id":"https:\/\/ideatsg.com\/fr\/projets\/transformation-digitale\/","url":"https:\/\/ideatsg.com\/fr\/projets\/transformation-digitale\/","name":"Transformation Digitale - IDEA TSG","isPartOf":{"@id":"https:\/\/ideatsg.com\/fr\/#website"},"primaryImageOfPage":{"@id":"https:\/\/ideatsg.com\/fr\/projets\/transformation-digitale\/#primaryimage"},"image":{"@id":"https:\/\/ideatsg.com\/fr\/projets\/transformation-digitale\/#primaryimage"},"thumbnailUrl":"https:\/\/ideatsg.com\/wp-content\/uploads\/2021\/09\/transformacion-digital-ico.jpg","datePublished":"2018-08-27T18:08:12+00:00","dateModified":"2025-07-16T10:36:42+00:00","description":"Nos projets sont un exemple du souci du d\u00e9tail que notre \u00e9quipe est en mesure de d\u00e9velopper dans les secteurs de l\u2019ing\u00e9nierie industrielle.","breadcrumb":{"@id":"https:\/\/ideatsg.com\/fr\/projets\/transformation-digitale\/#breadcrumb"},"inLanguage":"fr-FR","potentialAction":[{"@type":"ReadAction","target":["https:\/\/ideatsg.com\/fr\/projets\/transformation-digitale\/"]}]},{"@type":"ImageObject","inLanguage":"fr-FR","@id":"https:\/\/ideatsg.com\/fr\/projets\/transformation-digitale\/#primaryimage","url":"https:\/\/ideatsg.com\/wp-content\/uploads\/2021\/09\/transformacion-digital-ico.jpg","contentUrl":"https:\/\/ideatsg.com\/wp-content\/uploads\/2021\/09\/transformacion-digital-ico.jpg","width":116,"height":116,"caption":"Transformaci\u00f3n Digital"},{"@type":"BreadcrumbList","@id":"https:\/\/ideatsg.com\/fr\/projets\/transformation-digitale\/#breadcrumb","itemListElement":[{"@type":"ListItem","position":1,"name":"Portada","item":"https:\/\/ideatsg.com\/fr\/"},{"@type":"ListItem","position":2,"name":"Projets","item":"https:\/\/ideatsg.com\/fr\/projets\/"},{"@type":"ListItem","position":3,"name":"Transformation Digitale"}]},{"@type":"WebSite","@id":"https:\/\/ideatsg.com\/fr\/#website","url":"https:\/\/ideatsg.com\/fr\/","name":"IDEA TSG","description":"Dise\u00f1o Estructural Avanzado","publisher":{"@id":"https:\/\/ideatsg.com\/fr\/#organization"},"potentialAction":[{"@type":"SearchAction","target":{"@type":"EntryPoint","urlTemplate":"https:\/\/ideatsg.com\/fr\/?s={search_term_string}"},"query-input":{"@type":"PropertyValueSpecification","valueRequired":true,"valueName":"search_term_string"}}],"inLanguage":"fr-FR"},{"@type":"Organization","@id":"https:\/\/ideatsg.com\/fr\/#organization","name":"IDEA TSG","url":"https:\/\/ideatsg.com\/fr\/","logo":{"@type":"ImageObject","inLanguage":"fr-FR","@id":"https:\/\/ideatsg.com\/fr\/#\/schema\/logo\/image\/","url":"https:\/\/ideatsg.com\/wp-content\/uploads\/2021\/10\/idea-ingenieria-logo.png","contentUrl":"https:\/\/ideatsg.com\/wp-content\/uploads\/2021\/10\/idea-ingenieria-logo.png","width":198,"height":41,"caption":"IDEA TSG"},"image":{"@id":"https:\/\/ideatsg.com\/fr\/#\/schema\/logo\/image\/"},"sameAs":["https:\/\/www.facebook.com\/pages\/IDEA_Ingenieria\/128013450698535?fref=ts","https:\/\/www.youtube.com\/user\/ideaingenieria?feature=watch","https:\/\/www.instagram.com\/ideaingenieria\/","https:\/\/www.linkedin.com\/company\/idea-ingenieria"]}]}},"_links":{"self":[{"href":"https:\/\/ideatsg.com\/fr\/wp-json\/wp\/v2\/pages\/44991","targetHints":{"allow":["GET"]}}],"collection":[{"href":"https:\/\/ideatsg.com\/fr\/wp-json\/wp\/v2\/pages"}],"about":[{"href":"https:\/\/ideatsg.com\/fr\/wp-json\/wp\/v2\/types\/page"}],"author":[{"embeddable":true,"href":"https:\/\/ideatsg.com\/fr\/wp-json\/wp\/v2\/users\/1"}],"replies":[{"embeddable":true,"href":"https:\/\/ideatsg.com\/fr\/wp-json\/wp\/v2\/comments?post=44991"}],"version-history":[{"count":0,"href":"https:\/\/ideatsg.com\/fr\/wp-json\/wp\/v2\/pages\/44991\/revisions"}],"up":[{"embeddable":true,"href":"https:\/\/ideatsg.com\/fr\/wp-json\/wp\/v2\/pages\/44961"}],"wp:featuredmedia":[{"embeddable":true,"href":"https:\/\/ideatsg.com\/fr\/wp-json\/wp\/v2\/media\/57082"}],"wp:attachment":[{"href":"https:\/\/ideatsg.com\/fr\/wp-json\/wp\/v2\/media?parent=44991"}],"curies":[{"name":"wp","href":"https:\/\/api.w.org\/{rel}","templated":true}]}}