{"id":44965,"date":"2018-08-27T17:29:49","date_gmt":"2018-08-27T17:29:49","guid":{"rendered":"https:\/\/ideatsg.com\/projets\/energie\/"},"modified":"2022-06-29T14:51:56","modified_gmt":"2022-06-29T14:51:56","slug":"energie","status":"publish","type":"page","link":"https:\/\/ideatsg.com\/fr\/projets\/energie\/","title":{"rendered":"\u00c9nergie"},"content":{"rendered":"<div class=\"wpb-content-wrapper\"><p>[vc_row type=\u00a0\u00bbvc_default\u00a0\u00bb equal_height=\u00a0\u00bbyes\u00a0\u00bb full_width_row=\u00a0\u00bbtrue\u00a0\u00bb bg_type=\u00a0\u00bbimage\u00a0\u00bb parallax_style=\u00a0\u00bbvcpb-mlvp-jquery\u00a0\u00bb layer_image=\u00a0\u00bb36296,40650&Prime; bg_override=\u00a0\u00bbfull\u00a0\u00bb fadeout_row=\u00a0\u00bbfadeout_row_value\u00a0\u00bb el_class=\u00a0\u00bbsectores\u00a0\u00bb css=\u00a0\u00bb.vc_custom_1650530704328{padding-top: 0px !important;}\u00a0\u00bb][vc_column][vc_row_inner content_placement=\u00a0\u00bbmiddle\u00a0\u00bb css=\u00a0\u00bb.vc_custom_1587730202964{padding-top: 2em !important;padding-bottom: 2em !important;}\u00a0\u00bb][vc_column_inner width=\u00a0\u00bb1\/6&Prime;][\/vc_column_inner][vc_column_inner width=\u00a0\u00bb4\/6&Prime; css=\u00a0\u00bb.vc_custom_1587728345251{padding-top: 1em !important;padding-bottom: 2em !important;}\u00a0\u00bb][vc_empty_space height=\u00a0\u00bb2em\u00a0\u00bb][vc_single_image image=\u00a0\u00bb56242&Prime; img_size=\u00a0\u00bbfull\u00a0\u00bb alignment=\u00a0\u00bbcenter\u00a0\u00bb css_animation=\u00a0\u00bbfadeInUp\u00a0\u00bb lazy_loading=\u00a0\u00bbtrue\u00a0\u00bb]<div id=\"ultimate-heading-873369edcb3f48bfa\" class=\"uvc-heading ult-adjust-bottom-margin ultimate-heading-873369edcb3f48bfa uvc-5499 \" data-hspacer=\"no_spacer\"  data-halign=\"center\" style=\"text-align:center\"><div class=\"uvc-heading-spacer no_spacer\" style=\"top\"><\/div><div class=\"uvc-main-heading ult-responsive\"  data-ultimate-target='.uvc-heading.ultimate-heading-873369edcb3f48bfa h1'  data-responsive-json-new='{\"font-size\":\"desktop:40px;\",\"line-height\":\"desktop:50px;\"}' ><h1 style=\"font-family:&#039;Montserrat&#039;;font-weight:600;color:#ffffff;margin-bottom:0.5em;\">Projets \u00c9nergie<\/h1><\/div><div class=\"uvc-sub-heading ult-responsive\"  data-ultimate-target='.uvc-heading.ultimate-heading-873369edcb3f48bfa .uvc-sub-heading '  data-responsive-json-new='{\"font-size\":\"desktop:16px;tablet_portrait:14px;mobile_landscape:14px;mobile:14px;\",\"line-height\":\"desktop:26px;tablet_portrait:24px;mobile_landscape:24px;mobile:24px;\"}'  style=\"font-family:&#039;Montserrat&#039;;font-weight:300;color:#ffffff;margin-bottom:2em;\">IDEA offre un ensemble complet de services pour le secteur \u00e9nerg\u00e9tique dans le domaine du transport et de la distribution (T&amp;D) d\u2019\u00e9nergie \u00e9lectrique depuis la haute tension (HT) jusqu\u2019\u00e0 la basse tension (BT), aussi bien pour des clients du secteur public, comme les compagnies \u00e9lectriques (TSO), que pour des clients priv\u00e9s.<\/div><\/div><div class=\" vc_custom_1650534195971 ubtn-ctn-center \"><a class=\"ubtn-link ult-adjust-bottom-margin ubtn-center ubtn-small \" href=\"https:\/\/ideatsg.com\/fr\/secteurs\/energie\/\" ><button type=\"button\" id=\"ubtn-6522\"  class=\"ubtn ult-adjust-bottom-margin ult-responsive ubtn-small ubtn-no-hover-bg  none  ubtn-center   tooltip-69edcb3f48cb9\"  data-hover=\"#f6303e\" data-border-color=\"\" data-bg=\"#f6303e\" data-hover-bg=\"#ffffff\" data-border-hover=\"\" data-shadow-hover=\"\" data-shadow-click=\"none\" data-shadow=\"\" data-shd-shadow=\"\"  data-ultimate-target='#ubtn-6522'  data-responsive-json-new='{\"font-size\":\"desktop:14px;\",\"line-height\":\"desktop:24px;\"}'  style=\"font-family:&#039;Montserrat&#039;;font-weight:700;border:none;background: #f6303e;color: #ffffff;\"><span class=\"ubtn-hover\" style=\"background-color:#ffffff\"><\/span><span class=\"ubtn-data ubtn-text \" >EN SAVOIR PLUS SUR LE SECTEUR DE L\u2019\u00c9NERGIE<\/span><\/button><\/a><\/div>[vc_empty_space height=\u00a0\u00bb4em\u00a0\u00bb][\/vc_column_inner][vc_column_inner width=\u00a0\u00bb1\/6&Prime;][\/vc_column_inner][\/vc_row_inner][\/vc_column][\/vc_row]<\/p>\n<\/div>","protected":false},"excerpt":{"rendered":"<p>[vc_row type=\u00a0\u00bbvc_default\u00a0\u00bb equal_height=\u00a0\u00bbyes\u00a0\u00bb full_width_row=\u00a0\u00bbtrue\u00a0\u00bb bg_type=\u00a0\u00bbimage\u00a0\u00bb parallax_style=\u00a0\u00bbvcpb-mlvp-jquery\u00a0\u00bb layer_image=\u00a0\u00bb36296,40650&Prime; bg_override=\u00a0\u00bbfull\u00a0\u00bb fadeout_row=\u00a0\u00bbfadeout_row_value\u00a0\u00bb el_class=\u00a0\u00bbsectores\u00a0\u00bb css=\u00a0\u00bb.vc_custom_1650530704328{padding-top: 0px !important;}\u00a0\u00bb][vc_column][vc_row_inner content_placement=\u00a0\u00bbmiddle\u00a0\u00bb css=\u00a0\u00bb.vc_custom_1587730202964{padding-top: 2em !important;padding-bottom: 2em !important;}\u00a0\u00bb][vc_column_inner width=\u00a0\u00bb1\/6&Prime;][\/vc_column_inner][vc_column_inner width=\u00a0\u00bb4\/6&Prime; css=\u00a0\u00bb.vc_custom_1587728345251{padding-top: 1em !important;padding-bottom: 2em !important;}\u00a0\u00bb][vc_empty_space height=\u00a0\u00bb2em\u00a0\u00bb][vc_single_image image=\u00a0\u00bb56242&Prime; img_size=\u00a0\u00bbfull\u00a0\u00bb alignment=\u00a0\u00bbcenter\u00a0\u00bb css_animation=\u00a0\u00bbfadeInUp\u00a0\u00bb lazy_loading=\u00a0\u00bbtrue\u00a0\u00bb][vc_empty_space height=\u00a0\u00bb4em\u00a0\u00bb][\/vc_column_inner][vc_column_inner width=\u00a0\u00bb1\/6&Prime;][\/vc_column_inner][\/vc_row_inner][\/vc_column][\/vc_row]<\/p>\n","protected":false},"author":1,"featured_media":0,"parent":44961,"menu_order":60,"comment_status":"closed","ping_status":"closed","template":"template-portfolio-masonry.php","meta":{"footnotes":""},"class_list":["post-44965","page","type-page","status-publish","hentry","description-off"],"yoast_head":"<!-- This site is optimized with the Yoast SEO plugin v27.4 - https:\/\/yoast.com\/product\/yoast-seo-wordpress\/ -->\n<title>Projets \u00c9nergie | IDEA Ingenier\u00eda<\/title>\n<meta name=\"description\" content=\"Nos projets sont un exemple du souci du d\u00e9tail que notre \u00e9quipe est en mesure de d\u00e9velopper dans les secteurs de l\u2019ing\u00e9nierie industrielle.\" \/>\n<meta name=\"robots\" content=\"index, follow, max-snippet:-1, max-image-preview:large, max-video-preview:-1\" \/>\n<link rel=\"canonical\" href=\"https:\/\/ideatsg.com\/fr\/projets\/energie\/\" \/>\n<meta property=\"og:locale\" content=\"fr_FR\" \/>\n<meta property=\"og:type\" content=\"article\" \/>\n<meta property=\"og:title\" content=\"Projets \u00c9nergie | IDEA Ingenier\u00eda\" \/>\n<meta property=\"og:description\" content=\"Nos projets sont un exemple du souci du d\u00e9tail que notre \u00e9quipe est en mesure de d\u00e9velopper dans les secteurs de l\u2019ing\u00e9nierie industrielle.\" \/>\n<meta property=\"og:url\" content=\"https:\/\/ideatsg.com\/fr\/projets\/energie\/\" \/>\n<meta property=\"og:site_name\" content=\"IDEA TSG\" \/>\n<meta property=\"article:publisher\" content=\"https:\/\/www.facebook.com\/pages\/IDEA_Ingenieria\/128013450698535?fref=ts\" \/>\n<meta property=\"article:modified_time\" content=\"2022-06-29T14:51:56+00:00\" \/>\n<meta name=\"twitter:card\" content=\"summary_large_image\" \/>\n<meta name=\"twitter:label1\" content=\"Dur\u00e9e de lecture estim\u00e9e\" \/>\n\t<meta name=\"twitter:data1\" content=\"2 minutes\" \/>\n<script type=\"application\/ld+json\" class=\"yoast-schema-graph\">{\"@context\":\"https:\\\/\\\/schema.org\",\"@graph\":[{\"@type\":\"WebPage\",\"@id\":\"https:\\\/\\\/ideatsg.com\\\/fr\\\/projets\\\/energie\\\/\",\"url\":\"https:\\\/\\\/ideatsg.com\\\/fr\\\/projets\\\/energie\\\/\",\"name\":\"Projets \u00c9nergie | IDEA Ingenier\u00eda\",\"isPartOf\":{\"@id\":\"https:\\\/\\\/ideatsg.com\\\/fr\\\/#website\"},\"datePublished\":\"2018-08-27T17:29:49+00:00\",\"dateModified\":\"2022-06-29T14:51:56+00:00\",\"description\":\"Nos projets sont un exemple du souci du d\u00e9tail que notre \u00e9quipe est en mesure de d\u00e9velopper dans les secteurs de l\u2019ing\u00e9nierie industrielle.\",\"breadcrumb\":{\"@id\":\"https:\\\/\\\/ideatsg.com\\\/fr\\\/projets\\\/energie\\\/#breadcrumb\"},\"inLanguage\":\"fr-FR\",\"potentialAction\":[{\"@type\":\"ReadAction\",\"target\":[\"https:\\\/\\\/ideatsg.com\\\/fr\\\/projets\\\/energie\\\/\"]}]},{\"@type\":\"BreadcrumbList\",\"@id\":\"https:\\\/\\\/ideatsg.com\\\/fr\\\/projets\\\/energie\\\/#breadcrumb\",\"itemListElement\":[{\"@type\":\"ListItem\",\"position\":1,\"name\":\"Portada\",\"item\":\"https:\\\/\\\/ideatsg.com\\\/fr\\\/\"},{\"@type\":\"ListItem\",\"position\":2,\"name\":\"Projets\",\"item\":\"https:\\\/\\\/ideatsg.com\\\/fr\\\/projets\\\/\"},{\"@type\":\"ListItem\",\"position\":3,\"name\":\"\u00c9nergie\"}]},{\"@type\":\"WebSite\",\"@id\":\"https:\\\/\\\/ideatsg.com\\\/fr\\\/#website\",\"url\":\"https:\\\/\\\/ideatsg.com\\\/fr\\\/\",\"name\":\"IDEA TSG\",\"description\":\"Dise\u00f1o Estructural Avanzado\",\"publisher\":{\"@id\":\"https:\\\/\\\/ideatsg.com\\\/fr\\\/#organization\"},\"potentialAction\":[{\"@type\":\"SearchAction\",\"target\":{\"@type\":\"EntryPoint\",\"urlTemplate\":\"https:\\\/\\\/ideatsg.com\\\/fr\\\/?s={search_term_string}\"},\"query-input\":{\"@type\":\"PropertyValueSpecification\",\"valueRequired\":true,\"valueName\":\"search_term_string\"}}],\"inLanguage\":\"fr-FR\"},{\"@type\":\"Organization\",\"@id\":\"https:\\\/\\\/ideatsg.com\\\/fr\\\/#organization\",\"name\":\"IDEA TSG\",\"url\":\"https:\\\/\\\/ideatsg.com\\\/fr\\\/\",\"logo\":{\"@type\":\"ImageObject\",\"inLanguage\":\"fr-FR\",\"@id\":\"https:\\\/\\\/ideatsg.com\\\/fr\\\/#\\\/schema\\\/logo\\\/image\\\/\",\"url\":\"https:\\\/\\\/ideatsg.com\\\/wp-content\\\/uploads\\\/2021\\\/10\\\/idea-ingenieria-logo.png\",\"contentUrl\":\"https:\\\/\\\/ideatsg.com\\\/wp-content\\\/uploads\\\/2021\\\/10\\\/idea-ingenieria-logo.png\",\"width\":198,\"height\":41,\"caption\":\"IDEA TSG\"},\"image\":{\"@id\":\"https:\\\/\\\/ideatsg.com\\\/fr\\\/#\\\/schema\\\/logo\\\/image\\\/\"},\"sameAs\":[\"https:\\\/\\\/www.facebook.com\\\/pages\\\/IDEA_Ingenieria\\\/128013450698535?fref=ts\",\"https:\\\/\\\/www.youtube.com\\\/user\\\/ideaingenieria?feature=watch\",\"https:\\\/\\\/www.instagram.com\\\/ideaingenieria\\\/\",\"https:\\\/\\\/www.linkedin.com\\\/company\\\/idea-ingenieria\"]}]}<\/script>\n<!-- \/ Yoast SEO plugin. -->","yoast_head_json":{"title":"Projets \u00c9nergie | IDEA Ingenier\u00eda","description":"Nos projets sont un exemple du souci du d\u00e9tail que notre \u00e9quipe est en mesure de d\u00e9velopper dans les secteurs de l\u2019ing\u00e9nierie industrielle.","robots":{"index":"index","follow":"follow","max-snippet":"max-snippet:-1","max-image-preview":"max-image-preview:large","max-video-preview":"max-video-preview:-1"},"canonical":"https:\/\/ideatsg.com\/fr\/projets\/energie\/","og_locale":"fr_FR","og_type":"article","og_title":"Projets \u00c9nergie | IDEA Ingenier\u00eda","og_description":"Nos projets sont un exemple du souci du d\u00e9tail que notre \u00e9quipe est en mesure de d\u00e9velopper dans les secteurs de l\u2019ing\u00e9nierie industrielle.","og_url":"https:\/\/ideatsg.com\/fr\/projets\/energie\/","og_site_name":"IDEA TSG","article_publisher":"https:\/\/www.facebook.com\/pages\/IDEA_Ingenieria\/128013450698535?fref=ts","article_modified_time":"2022-06-29T14:51:56+00:00","twitter_card":"summary_large_image","twitter_misc":{"Dur\u00e9e de lecture estim\u00e9e":"2 minutes"},"schema":{"@context":"https:\/\/schema.org","@graph":[{"@type":"WebPage","@id":"https:\/\/ideatsg.com\/fr\/projets\/energie\/","url":"https:\/\/ideatsg.com\/fr\/projets\/energie\/","name":"Projets \u00c9nergie | IDEA Ingenier\u00eda","isPartOf":{"@id":"https:\/\/ideatsg.com\/fr\/#website"},"datePublished":"2018-08-27T17:29:49+00:00","dateModified":"2022-06-29T14:51:56+00:00","description":"Nos projets sont un exemple du souci du d\u00e9tail que notre \u00e9quipe est en mesure de d\u00e9velopper dans les secteurs de l\u2019ing\u00e9nierie industrielle.","breadcrumb":{"@id":"https:\/\/ideatsg.com\/fr\/projets\/energie\/#breadcrumb"},"inLanguage":"fr-FR","potentialAction":[{"@type":"ReadAction","target":["https:\/\/ideatsg.com\/fr\/projets\/energie\/"]}]},{"@type":"BreadcrumbList","@id":"https:\/\/ideatsg.com\/fr\/projets\/energie\/#breadcrumb","itemListElement":[{"@type":"ListItem","position":1,"name":"Portada","item":"https:\/\/ideatsg.com\/fr\/"},{"@type":"ListItem","position":2,"name":"Projets","item":"https:\/\/ideatsg.com\/fr\/projets\/"},{"@type":"ListItem","position":3,"name":"\u00c9nergie"}]},{"@type":"WebSite","@id":"https:\/\/ideatsg.com\/fr\/#website","url":"https:\/\/ideatsg.com\/fr\/","name":"IDEA TSG","description":"Dise\u00f1o Estructural Avanzado","publisher":{"@id":"https:\/\/ideatsg.com\/fr\/#organization"},"potentialAction":[{"@type":"SearchAction","target":{"@type":"EntryPoint","urlTemplate":"https:\/\/ideatsg.com\/fr\/?s={search_term_string}"},"query-input":{"@type":"PropertyValueSpecification","valueRequired":true,"valueName":"search_term_string"}}],"inLanguage":"fr-FR"},{"@type":"Organization","@id":"https:\/\/ideatsg.com\/fr\/#organization","name":"IDEA TSG","url":"https:\/\/ideatsg.com\/fr\/","logo":{"@type":"ImageObject","inLanguage":"fr-FR","@id":"https:\/\/ideatsg.com\/fr\/#\/schema\/logo\/image\/","url":"https:\/\/ideatsg.com\/wp-content\/uploads\/2021\/10\/idea-ingenieria-logo.png","contentUrl":"https:\/\/ideatsg.com\/wp-content\/uploads\/2021\/10\/idea-ingenieria-logo.png","width":198,"height":41,"caption":"IDEA TSG"},"image":{"@id":"https:\/\/ideatsg.com\/fr\/#\/schema\/logo\/image\/"},"sameAs":["https:\/\/www.facebook.com\/pages\/IDEA_Ingenieria\/128013450698535?fref=ts","https:\/\/www.youtube.com\/user\/ideaingenieria?feature=watch","https:\/\/www.instagram.com\/ideaingenieria\/","https:\/\/www.linkedin.com\/company\/idea-ingenieria"]}]}},"_links":{"self":[{"href":"https:\/\/ideatsg.com\/fr\/wp-json\/wp\/v2\/pages\/44965","targetHints":{"allow":["GET"]}}],"collection":[{"href":"https:\/\/ideatsg.com\/fr\/wp-json\/wp\/v2\/pages"}],"about":[{"href":"https:\/\/ideatsg.com\/fr\/wp-json\/wp\/v2\/types\/page"}],"author":[{"embeddable":true,"href":"https:\/\/ideatsg.com\/fr\/wp-json\/wp\/v2\/users\/1"}],"replies":[{"embeddable":true,"href":"https:\/\/ideatsg.com\/fr\/wp-json\/wp\/v2\/comments?post=44965"}],"version-history":[{"count":0,"href":"https:\/\/ideatsg.com\/fr\/wp-json\/wp\/v2\/pages\/44965\/revisions"}],"up":[{"embeddable":true,"href":"https:\/\/ideatsg.com\/fr\/wp-json\/wp\/v2\/pages\/44961"}],"wp:attachment":[{"href":"https:\/\/ideatsg.com\/fr\/wp-json\/wp\/v2\/media?parent=44965"}],"curies":[{"name":"wp","href":"https:\/\/api.w.org\/{rel}","templated":true}]}}